{"id":88,"date":"2019-09-09T17:54:48","date_gmt":"2019-09-09T17:54:48","guid":{"rendered":"https:\/\/www.mhteam.bz.it\/delikatessen\/?post_type=product&#038;p=88"},"modified":"2025-04-26T09:25:51","modified_gmt":"2025-04-26T09:25:51","slug":"getrocknete-orangen","status":"publish","type":"product","link":"https:\/\/delikatessenmeran.com\/it\/produkt\/getrocknete-orangen\/","title":{"rendered":"Getrocknete Orangen"},"content":{"rendered":"","protected":false},"excerpt":{"rendered":"<p>Ein gesunder, ballaststoffreicher Snack f\u00fcr jede Tageszeit .<br \/>\nDie Orangenscheiben werden schonend getrocknet und sind ungezuckert.<br \/>\nTipp: eine erfrischende Zutat f\u00fcr Ihr Aperitif!<br \/>\nAuch als k\u00f6stliche Deko f\u00fcr Ihr Dessert bestens geeignet<\/p>\n<p>Die Orangenscheiben sind mit Schale essbar.<\/p>\n<p>\u2714 Naturgetrocknete Orangen (ohne Zuckerzusatz)<br \/>\n\u2714 Top Qualit\u00e4t<br \/>\n\u2714 Ohne Konservierungsmittel<\/p>\n","protected":false},"featured_media":87,"template":"","meta":[],"product_brand":[],"product_cat":[19],"product_tag":[],"class_list":{"0":"post-88","1":"product","2":"type-product","3":"status-publish","4":"has-post-thumbnail","6":"product_cat-trockenfruechte","8":"first","9":"instock","10":"taxable","11":"shipping-taxable","12":"purchasable","13":"product-type-variable"},"yoast_head":"<!-- This site is optimized with the Yoast SEO plugin v27.4 - https:\/\/yoast.com\/product\/yoast-seo-wordpress\/ -->\n<title>Getrocknete Orangen - Delikatessen Rubner | Dein Delikatessenladen in Meran &amp; S\u00fcdtirol<\/title>\n<meta name=\"robots\" content=\"index, follow, max-snippet:-1, max-image-preview:large, max-video-preview:-1\" \/>\n<link rel=\"canonical\" href=\"https:\/\/delikatessenmeran.com\/it\/produkt\/getrocknete-orangen\/\" \/>\n<meta property=\"og:locale\" content=\"it_IT\" \/>\n<meta property=\"og:type\" content=\"article\" \/>\n<meta property=\"og:title\" content=\"Getrocknete Orangen - Delikatessen Rubner | Dein Delikatessenladen in Meran &amp; S\u00fcdtirol\" \/>\n<meta property=\"og:description\" content=\"Ein gesunder, ballaststoffreicher Snack f\u00fcr jede Tageszeit . Die Orangenscheiben werden schonend getrocknet und sind ungezuckert. Tipp: eine erfrischende Zutat f\u00fcr Ihr Aperitif! Auch als k\u00f6stliche Deko f\u00fcr Ihr Dessert bestens geeignet  Die Orangenscheiben sind mit Schale essbar.  \u2714 Naturgetrocknete Orangen (ohne Zuckerzusatz) \u2714 Top Qualit\u00e4t \u2714 Ohne Konservierungsmittel\" \/>\n<meta property=\"og:url\" content=\"https:\/\/delikatessenmeran.com\/it\/produkt\/getrocknete-orangen\/\" \/>\n<meta property=\"og:site_name\" content=\"Delikatessen Rubner | Dein Delikatessenladen in Meran &amp; S\u00fcdtirol\" \/>\n<meta property=\"article:modified_time\" content=\"2025-04-26T09:25:51+00:00\" \/>\n<meta property=\"og:image\" content=\"https:\/\/delikatessenmeran.com\/wp-content\/uploads\/2019\/09\/orangen-e1568051622167.jpg\" \/>\n\t<meta property=\"og:image:width\" content=\"667\" \/>\n\t<meta property=\"og:image:height\" content=\"500\" \/>\n\t<meta property=\"og:image:type\" content=\"image\/jpeg\" \/>\n<meta name=\"twitter:card\" content=\"summary_large_image\" \/>\n<meta name=\"twitter:label1\" content=\"Tempo di lettura stimato\" \/>\n\t<meta name=\"twitter:data1\" content=\"1 minuto\" \/>\n<script type=\"application\/ld+json\" class=\"yoast-schema-graph\">{\"@context\":\"https:\\\/\\\/schema.org\",\"@graph\":[{\"@type\":\"WebPage\",\"@id\":\"https:\\\/\\\/delikatessenmeran.com\\\/it\\\/produkt\\\/getrocknete-orangen\\\/\",\"url\":\"https:\\\/\\\/delikatessenmeran.com\\\/it\\\/produkt\\\/getrocknete-orangen\\\/\",\"name\":\"Getrocknete Orangen - Delikatessen Rubner | Dein Delikatessenladen in Meran &amp; S\u00fcdtirol\",\"isPartOf\":{\"@id\":\"https:\\\/\\\/delikatessenmeran.com\\\/it\\\/#website\"},\"primaryImageOfPage\":{\"@id\":\"https:\\\/\\\/delikatessenmeran.com\\\/it\\\/produkt\\\/getrocknete-orangen\\\/#primaryimage\"},\"image\":{\"@id\":\"https:\\\/\\\/delikatessenmeran.com\\\/it\\\/produkt\\\/getrocknete-orangen\\\/#primaryimage\"},\"thumbnailUrl\":\"https:\\\/\\\/delikatessenmeran.com\\\/wp-content\\\/uploads\\\/2019\\\/09\\\/orangen-e1568051622167.jpg\",\"datePublished\":\"2019-09-09T17:54:48+00:00\",\"dateModified\":\"2025-04-26T09:25:51+00:00\",\"breadcrumb\":{\"@id\":\"https:\\\/\\\/delikatessenmeran.com\\\/it\\\/produkt\\\/getrocknete-orangen\\\/#breadcrumb\"},\"inLanguage\":\"it-IT\",\"potentialAction\":[{\"@type\":\"ReadAction\",\"target\":[\"https:\\\/\\\/delikatessenmeran.com\\\/it\\\/produkt\\\/getrocknete-orangen\\\/\"]}]},{\"@type\":\"ImageObject\",\"inLanguage\":\"it-IT\",\"@id\":\"https:\\\/\\\/delikatessenmeran.com\\\/it\\\/produkt\\\/getrocknete-orangen\\\/#primaryimage\",\"url\":\"https:\\\/\\\/delikatessenmeran.com\\\/wp-content\\\/uploads\\\/2019\\\/09\\\/orangen-e1568051622167.jpg\",\"contentUrl\":\"https:\\\/\\\/delikatessenmeran.com\\\/wp-content\\\/uploads\\\/2019\\\/09\\\/orangen-e1568051622167.jpg\",\"width\":667,\"height\":500},{\"@type\":\"BreadcrumbList\",\"@id\":\"https:\\\/\\\/delikatessenmeran.com\\\/it\\\/produkt\\\/getrocknete-orangen\\\/#breadcrumb\",\"itemListElement\":[{\"@type\":\"ListItem\",\"position\":1,\"name\":\"Home\",\"item\":\"https:\\\/\\\/delikatessenmeran.com\\\/it\\\/\"},{\"@type\":\"ListItem\",\"position\":2,\"name\":\"Shop\",\"item\":\"https:\\\/\\\/delikatessenmeran.com\\\/it\\\/shop\\\/\"},{\"@type\":\"ListItem\",\"position\":3,\"name\":\"Getrocknete Orangen\"}]},{\"@type\":\"WebSite\",\"@id\":\"https:\\\/\\\/delikatessenmeran.com\\\/it\\\/#website\",\"url\":\"https:\\\/\\\/delikatessenmeran.com\\\/it\\\/\",\"name\":\"Delikatessen Rubner | Dein Delikatessenladen in Meran &amp; S\u00fcdtirol\",\"description\":\"Delikatessen Rubner. Dein Delikatessenladen in Meran &amp; S\u00fcdtirol\",\"potentialAction\":[{\"@type\":\"SearchAction\",\"target\":{\"@type\":\"EntryPoint\",\"urlTemplate\":\"https:\\\/\\\/delikatessenmeran.com\\\/it\\\/?s={search_term_string}\"},\"query-input\":{\"@type\":\"PropertyValueSpecification\",\"valueRequired\":true,\"valueName\":\"search_term_string\"}}],\"inLanguage\":\"it-IT\"}]}<\/script>\n<!-- \/ Yoast SEO plugin. -->","yoast_head_json":{"title":"Getrocknete Orangen - Delikatessen Rubner | Dein Delikatessenladen in Meran &amp; S\u00fcdtirol","robots":{"index":"index","follow":"follow","max-snippet":"max-snippet:-1","max-image-preview":"max-image-preview:large","max-video-preview":"max-video-preview:-1"},"canonical":"https:\/\/delikatessenmeran.com\/it\/produkt\/getrocknete-orangen\/","og_locale":"it_IT","og_type":"article","og_title":"Getrocknete Orangen - Delikatessen Rubner | Dein Delikatessenladen in Meran &amp; S\u00fcdtirol","og_description":"Ein gesunder, ballaststoffreicher Snack f\u00fcr jede Tageszeit . Die Orangenscheiben werden schonend getrocknet und sind ungezuckert. Tipp: eine erfrischende Zutat f\u00fcr Ihr Aperitif! Auch als k\u00f6stliche Deko f\u00fcr Ihr Dessert bestens geeignet  Die Orangenscheiben sind mit Schale essbar.  \u2714 Naturgetrocknete Orangen (ohne Zuckerzusatz) \u2714 Top Qualit\u00e4t \u2714 Ohne Konservierungsmittel","og_url":"https:\/\/delikatessenmeran.com\/it\/produkt\/getrocknete-orangen\/","og_site_name":"Delikatessen Rubner | Dein Delikatessenladen in Meran &amp; S\u00fcdtirol","article_modified_time":"2025-04-26T09:25:51+00:00","og_image":[{"width":667,"height":500,"url":"https:\/\/delikatessenmeran.com\/wp-content\/uploads\/2019\/09\/orangen-e1568051622167.jpg","type":"image\/jpeg"}],"twitter_card":"summary_large_image","twitter_misc":{"Tempo di lettura stimato":"1 minuto"},"schema":{"@context":"https:\/\/schema.org","@graph":[{"@type":"WebPage","@id":"https:\/\/delikatessenmeran.com\/it\/produkt\/getrocknete-orangen\/","url":"https:\/\/delikatessenmeran.com\/it\/produkt\/getrocknete-orangen\/","name":"Getrocknete Orangen - Delikatessen Rubner | Dein Delikatessenladen in Meran &amp; S\u00fcdtirol","isPartOf":{"@id":"https:\/\/delikatessenmeran.com\/it\/#website"},"primaryImageOfPage":{"@id":"https:\/\/delikatessenmeran.com\/it\/produkt\/getrocknete-orangen\/#primaryimage"},"image":{"@id":"https:\/\/delikatessenmeran.com\/it\/produkt\/getrocknete-orangen\/#primaryimage"},"thumbnailUrl":"https:\/\/delikatessenmeran.com\/wp-content\/uploads\/2019\/09\/orangen-e1568051622167.jpg","datePublished":"2019-09-09T17:54:48+00:00","dateModified":"2025-04-26T09:25:51+00:00","breadcrumb":{"@id":"https:\/\/delikatessenmeran.com\/it\/produkt\/getrocknete-orangen\/#breadcrumb"},"inLanguage":"it-IT","potentialAction":[{"@type":"ReadAction","target":["https:\/\/delikatessenmeran.com\/it\/produkt\/getrocknete-orangen\/"]}]},{"@type":"ImageObject","inLanguage":"it-IT","@id":"https:\/\/delikatessenmeran.com\/it\/produkt\/getrocknete-orangen\/#primaryimage","url":"https:\/\/delikatessenmeran.com\/wp-content\/uploads\/2019\/09\/orangen-e1568051622167.jpg","contentUrl":"https:\/\/delikatessenmeran.com\/wp-content\/uploads\/2019\/09\/orangen-e1568051622167.jpg","width":667,"height":500},{"@type":"BreadcrumbList","@id":"https:\/\/delikatessenmeran.com\/it\/produkt\/getrocknete-orangen\/#breadcrumb","itemListElement":[{"@type":"ListItem","position":1,"name":"Home","item":"https:\/\/delikatessenmeran.com\/it\/"},{"@type":"ListItem","position":2,"name":"Shop","item":"https:\/\/delikatessenmeran.com\/it\/shop\/"},{"@type":"ListItem","position":3,"name":"Getrocknete Orangen"}]},{"@type":"WebSite","@id":"https:\/\/delikatessenmeran.com\/it\/#website","url":"https:\/\/delikatessenmeran.com\/it\/","name":"Delikatessen Rubner | Dein Delikatessenladen in Meran &amp; S\u00fcdtirol","description":"Delikatessen Rubner. Dein Delikatessenladen in Meran &amp; S\u00fcdtirol","potentialAction":[{"@type":"SearchAction","target":{"@type":"EntryPoint","urlTemplate":"https:\/\/delikatessenmeran.com\/it\/?s={search_term_string}"},"query-input":{"@type":"PropertyValueSpecification","valueRequired":true,"valueName":"search_term_string"}}],"inLanguage":"it-IT"}]}},"_links":{"self":[{"href":"https:\/\/delikatessenmeran.com\/it\/wp-json\/wp\/v2\/product\/88","targetHints":{"allow":["GET"]}}],"collection":[{"href":"https:\/\/delikatessenmeran.com\/it\/wp-json\/wp\/v2\/product"}],"about":[{"href":"https:\/\/delikatessenmeran.com\/it\/wp-json\/wp\/v2\/types\/product"}],"wp:featuredmedia":[{"embeddable":true,"href":"https:\/\/delikatessenmeran.com\/it\/wp-json\/wp\/v2\/media\/87"}],"wp:attachment":[{"href":"https:\/\/delikatessenmeran.com\/it\/wp-json\/wp\/v2\/media?parent=88"}],"wp:term":[{"taxonomy":"product_brand","embeddable":true,"href":"https:\/\/delikatessenmeran.com\/it\/wp-json\/wp\/v2\/product_brand?post=88"},{"taxonomy":"product_cat","embeddable":true,"href":"https:\/\/delikatessenmeran.com\/it\/wp-json\/wp\/v2\/product_cat?post=88"},{"taxonomy":"product_tag","embeddable":true,"href":"https:\/\/delikatessenmeran.com\/it\/wp-json\/wp\/v2\/product_tag?post=88"}],"curies":[{"name":"wp","href":"https:\/\/api.w.org\/{rel}","templated":true}]}}