{"id":2125,"date":"2025-01-16T10:10:08","date_gmt":"2025-01-16T10:10:08","guid":{"rendered":"https:\/\/delikatessenmeran.com\/?post_type=product&#038;p=2125"},"modified":"2025-01-16T10:10:24","modified_gmt":"2025-01-16T10:10:24","slug":"gemischte-bluetenblaetter","status":"publish","type":"product","link":"https:\/\/delikatessenmeran.com\/it\/produkt\/gemischte-bluetenblaetter\/","title":{"rendered":"Gemischte Bl\u00fctenbl\u00e4tter"},"content":{"rendered":"","protected":false},"excerpt":{"rendered":"","protected":false},"featured_media":2126,"template":"","meta":[],"product_brand":[],"product_cat":[20],"product_tag":[],"class_list":{"0":"post-2125","1":"product","2":"type-product","3":"status-publish","4":"has-post-thumbnail","6":"product_cat-gewuerze","8":"first","9":"instock","10":"sale","11":"taxable","12":"shipping-taxable","13":"purchasable","14":"product-type-variable","15":"has-default-attributes"},"yoast_head":"<!-- This site is optimized with the Yoast SEO plugin v27.4 - https:\/\/yoast.com\/product\/yoast-seo-wordpress\/ -->\n<title>Gemischte Bl\u00fctenbl\u00e4tter - Delikatessen Rubner | Dein Delikatessenladen in Meran &amp; S\u00fcdtirol<\/title>\n<meta name=\"robots\" content=\"index, follow, max-snippet:-1, max-image-preview:large, max-video-preview:-1\" \/>\n<link rel=\"canonical\" href=\"https:\/\/delikatessenmeran.com\/it\/produkt\/gemischte-bluetenblaetter\/\" \/>\n<meta property=\"og:locale\" content=\"it_IT\" \/>\n<meta property=\"og:type\" content=\"article\" \/>\n<meta property=\"og:title\" content=\"Gemischte Bl\u00fctenbl\u00e4tter - Delikatessen Rubner | Dein Delikatessenladen in Meran &amp; S\u00fcdtirol\" \/>\n<meta property=\"og:url\" content=\"https:\/\/delikatessenmeran.com\/it\/produkt\/gemischte-bluetenblaetter\/\" \/>\n<meta property=\"og:site_name\" content=\"Delikatessen Rubner | Dein Delikatessenladen in Meran &amp; S\u00fcdtirol\" \/>\n<meta property=\"article:modified_time\" content=\"2025-01-16T10:10:24+00:00\" \/>\n<meta property=\"og:image\" content=\"https:\/\/delikatessenmeran.com\/wp-content\/uploads\/2025\/01\/Bluetenmix.png\" \/>\n\t<meta property=\"og:image:width\" content=\"1200\" \/>\n\t<meta property=\"og:image:height\" content=\"1200\" \/>\n\t<meta property=\"og:image:type\" content=\"image\/png\" \/>\n<meta name=\"twitter:card\" content=\"summary_large_image\" \/>\n<meta name=\"twitter:label1\" content=\"Tempo di lettura stimato\" \/>\n\t<meta name=\"twitter:data1\" content=\"1 minuto\" \/>\n<script type=\"application\/ld+json\" class=\"yoast-schema-graph\">{\"@context\":\"https:\\\/\\\/schema.org\",\"@graph\":[{\"@type\":\"WebPage\",\"@id\":\"https:\\\/\\\/delikatessenmeran.com\\\/it\\\/produkt\\\/gemischte-bluetenblaetter\\\/\",\"url\":\"https:\\\/\\\/delikatessenmeran.com\\\/it\\\/produkt\\\/gemischte-bluetenblaetter\\\/\",\"name\":\"Gemischte Bl\u00fctenbl\u00e4tter - Delikatessen Rubner | Dein Delikatessenladen in Meran &amp; S\u00fcdtirol\",\"isPartOf\":{\"@id\":\"https:\\\/\\\/delikatessenmeran.com\\\/it\\\/#website\"},\"primaryImageOfPage\":{\"@id\":\"https:\\\/\\\/delikatessenmeran.com\\\/it\\\/produkt\\\/gemischte-bluetenblaetter\\\/#primaryimage\"},\"image\":{\"@id\":\"https:\\\/\\\/delikatessenmeran.com\\\/it\\\/produkt\\\/gemischte-bluetenblaetter\\\/#primaryimage\"},\"thumbnailUrl\":\"https:\\\/\\\/delikatessenmeran.com\\\/wp-content\\\/uploads\\\/2025\\\/01\\\/Bluetenmix.png\",\"datePublished\":\"2025-01-16T10:10:08+00:00\",\"dateModified\":\"2025-01-16T10:10:24+00:00\",\"breadcrumb\":{\"@id\":\"https:\\\/\\\/delikatessenmeran.com\\\/it\\\/produkt\\\/gemischte-bluetenblaetter\\\/#breadcrumb\"},\"inLanguage\":\"it-IT\",\"potentialAction\":[{\"@type\":\"ReadAction\",\"target\":[\"https:\\\/\\\/delikatessenmeran.com\\\/it\\\/produkt\\\/gemischte-bluetenblaetter\\\/\"]}]},{\"@type\":\"ImageObject\",\"inLanguage\":\"it-IT\",\"@id\":\"https:\\\/\\\/delikatessenmeran.com\\\/it\\\/produkt\\\/gemischte-bluetenblaetter\\\/#primaryimage\",\"url\":\"https:\\\/\\\/delikatessenmeran.com\\\/wp-content\\\/uploads\\\/2025\\\/01\\\/Bluetenmix.png\",\"contentUrl\":\"https:\\\/\\\/delikatessenmeran.com\\\/wp-content\\\/uploads\\\/2025\\\/01\\\/Bluetenmix.png\",\"width\":1200,\"height\":1200},{\"@type\":\"BreadcrumbList\",\"@id\":\"https:\\\/\\\/delikatessenmeran.com\\\/it\\\/produkt\\\/gemischte-bluetenblaetter\\\/#breadcrumb\",\"itemListElement\":[{\"@type\":\"ListItem\",\"position\":1,\"name\":\"Home\",\"item\":\"https:\\\/\\\/delikatessenmeran.com\\\/it\\\/\"},{\"@type\":\"ListItem\",\"position\":2,\"name\":\"Shop\",\"item\":\"https:\\\/\\\/delikatessenmeran.com\\\/it\\\/shop\\\/\"},{\"@type\":\"ListItem\",\"position\":3,\"name\":\"Gemischte Bl\u00fctenbl\u00e4tter\"}]},{\"@type\":\"WebSite\",\"@id\":\"https:\\\/\\\/delikatessenmeran.com\\\/it\\\/#website\",\"url\":\"https:\\\/\\\/delikatessenmeran.com\\\/it\\\/\",\"name\":\"Delikatessen Rubner | Dein Delikatessenladen in Meran &amp; S\u00fcdtirol\",\"description\":\"Delikatessen Rubner. Dein Delikatessenladen in Meran &amp; S\u00fcdtirol\",\"potentialAction\":[{\"@type\":\"SearchAction\",\"target\":{\"@type\":\"EntryPoint\",\"urlTemplate\":\"https:\\\/\\\/delikatessenmeran.com\\\/it\\\/?s={search_term_string}\"},\"query-input\":{\"@type\":\"PropertyValueSpecification\",\"valueRequired\":true,\"valueName\":\"search_term_string\"}}],\"inLanguage\":\"it-IT\"}]}<\/script>\n<!-- \/ Yoast SEO plugin. -->","yoast_head_json":{"title":"Gemischte Bl\u00fctenbl\u00e4tter - Delikatessen Rubner | Dein Delikatessenladen in Meran &amp; S\u00fcdtirol","robots":{"index":"index","follow":"follow","max-snippet":"max-snippet:-1","max-image-preview":"max-image-preview:large","max-video-preview":"max-video-preview:-1"},"canonical":"https:\/\/delikatessenmeran.com\/it\/produkt\/gemischte-bluetenblaetter\/","og_locale":"it_IT","og_type":"article","og_title":"Gemischte Bl\u00fctenbl\u00e4tter - Delikatessen Rubner | Dein Delikatessenladen in Meran &amp; S\u00fcdtirol","og_url":"https:\/\/delikatessenmeran.com\/it\/produkt\/gemischte-bluetenblaetter\/","og_site_name":"Delikatessen Rubner | Dein Delikatessenladen in Meran &amp; S\u00fcdtirol","article_modified_time":"2025-01-16T10:10:24+00:00","og_image":[{"width":1200,"height":1200,"url":"https:\/\/delikatessenmeran.com\/wp-content\/uploads\/2025\/01\/Bluetenmix.png","type":"image\/png"}],"twitter_card":"summary_large_image","twitter_misc":{"Tempo di lettura stimato":"1 minuto"},"schema":{"@context":"https:\/\/schema.org","@graph":[{"@type":"WebPage","@id":"https:\/\/delikatessenmeran.com\/it\/produkt\/gemischte-bluetenblaetter\/","url":"https:\/\/delikatessenmeran.com\/it\/produkt\/gemischte-bluetenblaetter\/","name":"Gemischte Bl\u00fctenbl\u00e4tter - Delikatessen Rubner | Dein Delikatessenladen in Meran &amp; S\u00fcdtirol","isPartOf":{"@id":"https:\/\/delikatessenmeran.com\/it\/#website"},"primaryImageOfPage":{"@id":"https:\/\/delikatessenmeran.com\/it\/produkt\/gemischte-bluetenblaetter\/#primaryimage"},"image":{"@id":"https:\/\/delikatessenmeran.com\/it\/produkt\/gemischte-bluetenblaetter\/#primaryimage"},"thumbnailUrl":"https:\/\/delikatessenmeran.com\/wp-content\/uploads\/2025\/01\/Bluetenmix.png","datePublished":"2025-01-16T10:10:08+00:00","dateModified":"2025-01-16T10:10:24+00:00","breadcrumb":{"@id":"https:\/\/delikatessenmeran.com\/it\/produkt\/gemischte-bluetenblaetter\/#breadcrumb"},"inLanguage":"it-IT","potentialAction":[{"@type":"ReadAction","target":["https:\/\/delikatessenmeran.com\/it\/produkt\/gemischte-bluetenblaetter\/"]}]},{"@type":"ImageObject","inLanguage":"it-IT","@id":"https:\/\/delikatessenmeran.com\/it\/produkt\/gemischte-bluetenblaetter\/#primaryimage","url":"https:\/\/delikatessenmeran.com\/wp-content\/uploads\/2025\/01\/Bluetenmix.png","contentUrl":"https:\/\/delikatessenmeran.com\/wp-content\/uploads\/2025\/01\/Bluetenmix.png","width":1200,"height":1200},{"@type":"BreadcrumbList","@id":"https:\/\/delikatessenmeran.com\/it\/produkt\/gemischte-bluetenblaetter\/#breadcrumb","itemListElement":[{"@type":"ListItem","position":1,"name":"Home","item":"https:\/\/delikatessenmeran.com\/it\/"},{"@type":"ListItem","position":2,"name":"Shop","item":"https:\/\/delikatessenmeran.com\/it\/shop\/"},{"@type":"ListItem","position":3,"name":"Gemischte Bl\u00fctenbl\u00e4tter"}]},{"@type":"WebSite","@id":"https:\/\/delikatessenmeran.com\/it\/#website","url":"https:\/\/delikatessenmeran.com\/it\/","name":"Delikatessen Rubner | Dein Delikatessenladen in Meran &amp; S\u00fcdtirol","description":"Delikatessen Rubner. Dein Delikatessenladen in Meran &amp; S\u00fcdtirol","potentialAction":[{"@type":"SearchAction","target":{"@type":"EntryPoint","urlTemplate":"https:\/\/delikatessenmeran.com\/it\/?s={search_term_string}"},"query-input":{"@type":"PropertyValueSpecification","valueRequired":true,"valueName":"search_term_string"}}],"inLanguage":"it-IT"}]}},"_links":{"self":[{"href":"https:\/\/delikatessenmeran.com\/it\/wp-json\/wp\/v2\/product\/2125","targetHints":{"allow":["GET"]}}],"collection":[{"href":"https:\/\/delikatessenmeran.com\/it\/wp-json\/wp\/v2\/product"}],"about":[{"href":"https:\/\/delikatessenmeran.com\/it\/wp-json\/wp\/v2\/types\/product"}],"wp:featuredmedia":[{"embeddable":true,"href":"https:\/\/delikatessenmeran.com\/it\/wp-json\/wp\/v2\/media\/2126"}],"wp:attachment":[{"href":"https:\/\/delikatessenmeran.com\/it\/wp-json\/wp\/v2\/media?parent=2125"}],"wp:term":[{"taxonomy":"product_brand","embeddable":true,"href":"https:\/\/delikatessenmeran.com\/it\/wp-json\/wp\/v2\/product_brand?post=2125"},{"taxonomy":"product_cat","embeddable":true,"href":"https:\/\/delikatessenmeran.com\/it\/wp-json\/wp\/v2\/product_cat?post=2125"},{"taxonomy":"product_tag","embeddable":true,"href":"https:\/\/delikatessenmeran.com\/it\/wp-json\/wp\/v2\/product_tag?post=2125"}],"curies":[{"name":"wp","href":"https:\/\/api.w.org\/{rel}","templated":true}]}}