{"id":1717,"date":"2023-11-15T13:12:30","date_gmt":"2023-11-15T13:12:30","guid":{"rendered":"https:\/\/delikatessenmeran.com\/?post_type=product&#038;p=1717"},"modified":"2026-01-13T14:21:29","modified_gmt":"2026-01-13T14:21:29","slug":"balsamico-condimento-rose","status":"publish","type":"product","link":"https:\/\/delikatessenmeran.com\/it\/produkt\/balsamico-condimento-rose\/","title":{"rendered":"Condimento Balsamico Ros\u00e8"},"content":{"rendered":"","protected":false},"excerpt":{"rendered":"<p><strong>&#8220;Klasse Balsamico<\/strong>&#8220;, unser Geheimtipp f\u00fcr diejenigen die es gerne s\u00fc\u00df-rosig haben<\/p>\n<p>Den k\u00f6nnte man auch einfach so trinken!<\/p>\n","protected":false},"featured_media":3908,"template":"","meta":[],"product_brand":[],"product_cat":[25],"product_tag":[],"class_list":{"0":"post-1717","1":"product","2":"type-product","3":"status-publish","4":"has-post-thumbnail","6":"product_cat-balsamico","8":"first","9":"instock","10":"taxable","11":"shipping-taxable","12":"purchasable","13":"product-type-variable","14":"has-default-attributes"},"yoast_head":"<!-- This site is optimized with the Yoast SEO plugin v27.4 - https:\/\/yoast.com\/product\/yoast-seo-wordpress\/ -->\n<title>Condimento Balsamico Ros\u00e8 - Delikatessen Rubner | Dein Delikatessenladen in Meran &amp; S\u00fcdtirol<\/title>\n<meta name=\"robots\" content=\"index, follow, max-snippet:-1, max-image-preview:large, max-video-preview:-1\" \/>\n<link rel=\"canonical\" href=\"https:\/\/delikatessenmeran.com\/it\/produkt\/balsamico-condimento-rose\/\" \/>\n<meta property=\"og:locale\" content=\"it_IT\" \/>\n<meta property=\"og:type\" content=\"article\" \/>\n<meta property=\"og:title\" content=\"Condimento Balsamico Ros\u00e8 - Delikatessen Rubner | Dein Delikatessenladen in Meran &amp; S\u00fcdtirol\" \/>\n<meta property=\"og:description\" content=\"&quot;Klasse Balsamico&quot;, unser Geheimtipp f\u00fcr diejenigen die es gerne s\u00fc\u00df-rosig haben  Den k\u00f6nnte man auch einfach so trinken!\" \/>\n<meta property=\"og:url\" content=\"https:\/\/delikatessenmeran.com\/it\/produkt\/balsamico-condimento-rose\/\" \/>\n<meta property=\"og:site_name\" content=\"Delikatessen Rubner | Dein Delikatessenladen in Meran &amp; S\u00fcdtirol\" \/>\n<meta property=\"article:modified_time\" content=\"2026-01-13T14:21:29+00:00\" \/>\n<meta property=\"og:image\" content=\"https:\/\/delikatessenmeran.com\/wp-content\/uploads\/2023\/11\/Balsamico-Delizia-Rose-2.png\" \/>\n\t<meta property=\"og:image:width\" content=\"1200\" \/>\n\t<meta property=\"og:image:height\" content=\"1200\" \/>\n\t<meta property=\"og:image:type\" content=\"image\/png\" \/>\n<meta name=\"twitter:card\" content=\"summary_large_image\" \/>\n<meta name=\"twitter:label1\" content=\"Tempo di lettura stimato\" \/>\n\t<meta name=\"twitter:data1\" content=\"1 minuto\" \/>\n<script type=\"application\/ld+json\" class=\"yoast-schema-graph\">{\"@context\":\"https:\\\/\\\/schema.org\",\"@graph\":[{\"@type\":\"WebPage\",\"@id\":\"https:\\\/\\\/delikatessenmeran.com\\\/it\\\/produkt\\\/balsamico-condimento-rose\\\/\",\"url\":\"https:\\\/\\\/delikatessenmeran.com\\\/it\\\/produkt\\\/balsamico-condimento-rose\\\/\",\"name\":\"Condimento Balsamico Ros\u00e8 - Delikatessen Rubner | Dein Delikatessenladen in Meran &amp; S\u00fcdtirol\",\"isPartOf\":{\"@id\":\"https:\\\/\\\/delikatessenmeran.com\\\/it\\\/#website\"},\"primaryImageOfPage\":{\"@id\":\"https:\\\/\\\/delikatessenmeran.com\\\/it\\\/produkt\\\/balsamico-condimento-rose\\\/#primaryimage\"},\"image\":{\"@id\":\"https:\\\/\\\/delikatessenmeran.com\\\/it\\\/produkt\\\/balsamico-condimento-rose\\\/#primaryimage\"},\"thumbnailUrl\":\"https:\\\/\\\/delikatessenmeran.com\\\/wp-content\\\/uploads\\\/2023\\\/11\\\/Balsamico-Delizia-Rose-2.png\",\"datePublished\":\"2023-11-15T13:12:30+00:00\",\"dateModified\":\"2026-01-13T14:21:29+00:00\",\"breadcrumb\":{\"@id\":\"https:\\\/\\\/delikatessenmeran.com\\\/it\\\/produkt\\\/balsamico-condimento-rose\\\/#breadcrumb\"},\"inLanguage\":\"it-IT\",\"potentialAction\":[{\"@type\":\"ReadAction\",\"target\":[\"https:\\\/\\\/delikatessenmeran.com\\\/it\\\/produkt\\\/balsamico-condimento-rose\\\/\"]}]},{\"@type\":\"ImageObject\",\"inLanguage\":\"it-IT\",\"@id\":\"https:\\\/\\\/delikatessenmeran.com\\\/it\\\/produkt\\\/balsamico-condimento-rose\\\/#primaryimage\",\"url\":\"https:\\\/\\\/delikatessenmeran.com\\\/wp-content\\\/uploads\\\/2023\\\/11\\\/Balsamico-Delizia-Rose-2.png\",\"contentUrl\":\"https:\\\/\\\/delikatessenmeran.com\\\/wp-content\\\/uploads\\\/2023\\\/11\\\/Balsamico-Delizia-Rose-2.png\",\"width\":1200,\"height\":1200},{\"@type\":\"BreadcrumbList\",\"@id\":\"https:\\\/\\\/delikatessenmeran.com\\\/it\\\/produkt\\\/balsamico-condimento-rose\\\/#breadcrumb\",\"itemListElement\":[{\"@type\":\"ListItem\",\"position\":1,\"name\":\"Home\",\"item\":\"https:\\\/\\\/delikatessenmeran.com\\\/it\\\/\"},{\"@type\":\"ListItem\",\"position\":2,\"name\":\"Shop\",\"item\":\"https:\\\/\\\/delikatessenmeran.com\\\/it\\\/shop\\\/\"},{\"@type\":\"ListItem\",\"position\":3,\"name\":\"Condimento Balsamico Ros\u00e8\"}]},{\"@type\":\"WebSite\",\"@id\":\"https:\\\/\\\/delikatessenmeran.com\\\/it\\\/#website\",\"url\":\"https:\\\/\\\/delikatessenmeran.com\\\/it\\\/\",\"name\":\"Delikatessen Rubner | Dein Delikatessenladen in Meran &amp; S\u00fcdtirol\",\"description\":\"Delikatessen Rubner. Dein Delikatessenladen in Meran &amp; S\u00fcdtirol\",\"potentialAction\":[{\"@type\":\"SearchAction\",\"target\":{\"@type\":\"EntryPoint\",\"urlTemplate\":\"https:\\\/\\\/delikatessenmeran.com\\\/it\\\/?s={search_term_string}\"},\"query-input\":{\"@type\":\"PropertyValueSpecification\",\"valueRequired\":true,\"valueName\":\"search_term_string\"}}],\"inLanguage\":\"it-IT\"}]}<\/script>\n<!-- \/ Yoast SEO plugin. -->","yoast_head_json":{"title":"Condimento Balsamico Ros\u00e8 - Delikatessen Rubner | Dein Delikatessenladen in Meran &amp; S\u00fcdtirol","robots":{"index":"index","follow":"follow","max-snippet":"max-snippet:-1","max-image-preview":"max-image-preview:large","max-video-preview":"max-video-preview:-1"},"canonical":"https:\/\/delikatessenmeran.com\/it\/produkt\/balsamico-condimento-rose\/","og_locale":"it_IT","og_type":"article","og_title":"Condimento Balsamico Ros\u00e8 - Delikatessen Rubner | Dein Delikatessenladen in Meran &amp; S\u00fcdtirol","og_description":"\"Klasse Balsamico\", unser Geheimtipp f\u00fcr diejenigen die es gerne s\u00fc\u00df-rosig haben  Den k\u00f6nnte man auch einfach so trinken!","og_url":"https:\/\/delikatessenmeran.com\/it\/produkt\/balsamico-condimento-rose\/","og_site_name":"Delikatessen Rubner | Dein Delikatessenladen in Meran &amp; S\u00fcdtirol","article_modified_time":"2026-01-13T14:21:29+00:00","og_image":[{"width":1200,"height":1200,"url":"https:\/\/delikatessenmeran.com\/wp-content\/uploads\/2023\/11\/Balsamico-Delizia-Rose-2.png","type":"image\/png"}],"twitter_card":"summary_large_image","twitter_misc":{"Tempo di lettura stimato":"1 minuto"},"schema":{"@context":"https:\/\/schema.org","@graph":[{"@type":"WebPage","@id":"https:\/\/delikatessenmeran.com\/it\/produkt\/balsamico-condimento-rose\/","url":"https:\/\/delikatessenmeran.com\/it\/produkt\/balsamico-condimento-rose\/","name":"Condimento Balsamico Ros\u00e8 - Delikatessen Rubner | Dein Delikatessenladen in Meran &amp; S\u00fcdtirol","isPartOf":{"@id":"https:\/\/delikatessenmeran.com\/it\/#website"},"primaryImageOfPage":{"@id":"https:\/\/delikatessenmeran.com\/it\/produkt\/balsamico-condimento-rose\/#primaryimage"},"image":{"@id":"https:\/\/delikatessenmeran.com\/it\/produkt\/balsamico-condimento-rose\/#primaryimage"},"thumbnailUrl":"https:\/\/delikatessenmeran.com\/wp-content\/uploads\/2023\/11\/Balsamico-Delizia-Rose-2.png","datePublished":"2023-11-15T13:12:30+00:00","dateModified":"2026-01-13T14:21:29+00:00","breadcrumb":{"@id":"https:\/\/delikatessenmeran.com\/it\/produkt\/balsamico-condimento-rose\/#breadcrumb"},"inLanguage":"it-IT","potentialAction":[{"@type":"ReadAction","target":["https:\/\/delikatessenmeran.com\/it\/produkt\/balsamico-condimento-rose\/"]}]},{"@type":"ImageObject","inLanguage":"it-IT","@id":"https:\/\/delikatessenmeran.com\/it\/produkt\/balsamico-condimento-rose\/#primaryimage","url":"https:\/\/delikatessenmeran.com\/wp-content\/uploads\/2023\/11\/Balsamico-Delizia-Rose-2.png","contentUrl":"https:\/\/delikatessenmeran.com\/wp-content\/uploads\/2023\/11\/Balsamico-Delizia-Rose-2.png","width":1200,"height":1200},{"@type":"BreadcrumbList","@id":"https:\/\/delikatessenmeran.com\/it\/produkt\/balsamico-condimento-rose\/#breadcrumb","itemListElement":[{"@type":"ListItem","position":1,"name":"Home","item":"https:\/\/delikatessenmeran.com\/it\/"},{"@type":"ListItem","position":2,"name":"Shop","item":"https:\/\/delikatessenmeran.com\/it\/shop\/"},{"@type":"ListItem","position":3,"name":"Condimento Balsamico Ros\u00e8"}]},{"@type":"WebSite","@id":"https:\/\/delikatessenmeran.com\/it\/#website","url":"https:\/\/delikatessenmeran.com\/it\/","name":"Delikatessen Rubner | Dein Delikatessenladen in Meran &amp; S\u00fcdtirol","description":"Delikatessen Rubner. Dein Delikatessenladen in Meran &amp; S\u00fcdtirol","potentialAction":[{"@type":"SearchAction","target":{"@type":"EntryPoint","urlTemplate":"https:\/\/delikatessenmeran.com\/it\/?s={search_term_string}"},"query-input":{"@type":"PropertyValueSpecification","valueRequired":true,"valueName":"search_term_string"}}],"inLanguage":"it-IT"}]}},"_links":{"self":[{"href":"https:\/\/delikatessenmeran.com\/it\/wp-json\/wp\/v2\/product\/1717","targetHints":{"allow":["GET"]}}],"collection":[{"href":"https:\/\/delikatessenmeran.com\/it\/wp-json\/wp\/v2\/product"}],"about":[{"href":"https:\/\/delikatessenmeran.com\/it\/wp-json\/wp\/v2\/types\/product"}],"wp:featuredmedia":[{"embeddable":true,"href":"https:\/\/delikatessenmeran.com\/it\/wp-json\/wp\/v2\/media\/3908"}],"wp:attachment":[{"href":"https:\/\/delikatessenmeran.com\/it\/wp-json\/wp\/v2\/media?parent=1717"}],"wp:term":[{"taxonomy":"product_brand","embeddable":true,"href":"https:\/\/delikatessenmeran.com\/it\/wp-json\/wp\/v2\/product_brand?post=1717"},{"taxonomy":"product_cat","embeddable":true,"href":"https:\/\/delikatessenmeran.com\/it\/wp-json\/wp\/v2\/product_cat?post=1717"},{"taxonomy":"product_tag","embeddable":true,"href":"https:\/\/delikatessenmeran.com\/it\/wp-json\/wp\/v2\/product_tag?post=1717"}],"curies":[{"name":"wp","href":"https:\/\/api.w.org\/{rel}","templated":true}]}}