{"id":1158,"date":"2020-07-10T11:46:07","date_gmt":"2020-07-10T11:46:07","guid":{"rendered":"https:\/\/delikatessenmeran.com\/?post_type=product&#038;p=1158"},"modified":"2025-07-15T05:51:00","modified_gmt":"2025-07-15T05:51:00","slug":"getrocknete-bananen","status":"publish","type":"product","link":"https:\/\/delikatessenmeran.com\/it\/produkt\/getrocknete-bananen\/","title":{"rendered":"Getrocknete Bananen"},"content":{"rendered":"<h2>Verwendung<\/h2>\n<p><strong>M\u00fcsli:<\/strong> Der leckere Bananengeschmack schmeckt in <strong>M\u00fcsli<\/strong> und in Zusammenspiel mit<strong> N\u00fcssen <\/strong>und anderem <strong>Trockenobst <\/strong>besonders lecker.<\/p>\n<p><strong>Joghurt:<\/strong> Auch zum<strong> Joghurt <\/strong>sticht der Geschmack der <strong>unges\u00fc\u00dften Bananenchips <\/strong>hervor! Tipp: Noch s\u00fc\u00dfer schmeckts mit zarten Schokoladenst\u00fccken. Der Geschmak von Banane und Schokolade schmeckt einfach unwiderstehlich lecker.<\/p>\n<p><strong>Nascherei:<\/strong> Idealer Snack f\u00fcr Zwischendurch &#8211; Gesund, Lecker, Purer Bananengeschmack.<\/p>\n","protected":false},"excerpt":{"rendered":"<p>\u2714 Gefriergetrocknete Bananen (ohne Zuckerzusatz)<br \/>\n\u2714 Top Qualit\u00e4t<br \/>\n\u2714 Ohne Konservierungsmittel<br \/>\n\u2714 Ohne Zuckerzusatz<\/p>\n<p>&nbsp;<\/p>\n<p>&nbsp;<\/p>\n","protected":false},"featured_media":1804,"template":"","meta":[],"product_brand":[],"product_cat":[19],"product_tag":[],"class_list":{"0":"post-1158","1":"product","2":"type-product","3":"status-publish","4":"has-post-thumbnail","6":"product_cat-trockenfruechte","8":"first","9":"instock","10":"taxable","11":"shipping-taxable","12":"purchasable","13":"product-type-variable"},"yoast_head":"<!-- This site is optimized with the Yoast SEO plugin v27.4 - https:\/\/yoast.com\/product\/yoast-seo-wordpress\/ -->\n<title>Getrocknete Bananen - Delikatessen Rubner | Dein Delikatessenladen in Meran &amp; S\u00fcdtirol<\/title>\n<meta name=\"robots\" content=\"index, follow, max-snippet:-1, max-image-preview:large, max-video-preview:-1\" \/>\n<link rel=\"canonical\" href=\"https:\/\/delikatessenmeran.com\/it\/produkt\/getrocknete-bananen\/\" \/>\n<meta property=\"og:locale\" content=\"it_IT\" \/>\n<meta property=\"og:type\" content=\"article\" \/>\n<meta property=\"og:title\" content=\"Getrocknete Bananen - Delikatessen Rubner | Dein Delikatessenladen in Meran &amp; S\u00fcdtirol\" \/>\n<meta property=\"og:description\" content=\"\u2714 Gefriergetrocknete Bananen (ohne Zuckerzusatz) \u2714 Top Qualit\u00e4t \u2714 Ohne Konservierungsmittel \u2714 Ohne Zuckerzusatz  &nbsp;  &nbsp;\" \/>\n<meta property=\"og:url\" content=\"https:\/\/delikatessenmeran.com\/it\/produkt\/getrocknete-bananen\/\" \/>\n<meta property=\"og:site_name\" content=\"Delikatessen Rubner | Dein Delikatessenladen in Meran &amp; S\u00fcdtirol\" \/>\n<meta property=\"article:modified_time\" content=\"2025-07-15T05:51:00+00:00\" \/>\n<meta property=\"og:image\" content=\"https:\/\/delikatessenmeran.com\/wp-content\/uploads\/2020\/07\/Getrocknete-Bananen-1.png\" \/>\n\t<meta property=\"og:image:width\" content=\"1200\" \/>\n\t<meta property=\"og:image:height\" content=\"1200\" \/>\n\t<meta property=\"og:image:type\" content=\"image\/png\" \/>\n<meta name=\"twitter:card\" content=\"summary_large_image\" \/>\n<meta name=\"twitter:label1\" content=\"Tempo di lettura stimato\" \/>\n\t<meta name=\"twitter:data1\" content=\"1 minuto\" \/>\n<script type=\"application\/ld+json\" class=\"yoast-schema-graph\">{\"@context\":\"https:\\\/\\\/schema.org\",\"@graph\":[{\"@type\":\"WebPage\",\"@id\":\"https:\\\/\\\/delikatessenmeran.com\\\/it\\\/produkt\\\/getrocknete-bananen\\\/\",\"url\":\"https:\\\/\\\/delikatessenmeran.com\\\/it\\\/produkt\\\/getrocknete-bananen\\\/\",\"name\":\"Getrocknete Bananen - Delikatessen Rubner | Dein Delikatessenladen in Meran &amp; S\u00fcdtirol\",\"isPartOf\":{\"@id\":\"https:\\\/\\\/delikatessenmeran.com\\\/it\\\/#website\"},\"primaryImageOfPage\":{\"@id\":\"https:\\\/\\\/delikatessenmeran.com\\\/it\\\/produkt\\\/getrocknete-bananen\\\/#primaryimage\"},\"image\":{\"@id\":\"https:\\\/\\\/delikatessenmeran.com\\\/it\\\/produkt\\\/getrocknete-bananen\\\/#primaryimage\"},\"thumbnailUrl\":\"https:\\\/\\\/delikatessenmeran.com\\\/wp-content\\\/uploads\\\/2020\\\/07\\\/Getrocknete-Bananen-1.png\",\"datePublished\":\"2020-07-10T11:46:07+00:00\",\"dateModified\":\"2025-07-15T05:51:00+00:00\",\"breadcrumb\":{\"@id\":\"https:\\\/\\\/delikatessenmeran.com\\\/it\\\/produkt\\\/getrocknete-bananen\\\/#breadcrumb\"},\"inLanguage\":\"it-IT\",\"potentialAction\":[{\"@type\":\"ReadAction\",\"target\":[\"https:\\\/\\\/delikatessenmeran.com\\\/it\\\/produkt\\\/getrocknete-bananen\\\/\"]}]},{\"@type\":\"ImageObject\",\"inLanguage\":\"it-IT\",\"@id\":\"https:\\\/\\\/delikatessenmeran.com\\\/it\\\/produkt\\\/getrocknete-bananen\\\/#primaryimage\",\"url\":\"https:\\\/\\\/delikatessenmeran.com\\\/wp-content\\\/uploads\\\/2020\\\/07\\\/Getrocknete-Bananen-1.png\",\"contentUrl\":\"https:\\\/\\\/delikatessenmeran.com\\\/wp-content\\\/uploads\\\/2020\\\/07\\\/Getrocknete-Bananen-1.png\",\"width\":1200,\"height\":1200},{\"@type\":\"BreadcrumbList\",\"@id\":\"https:\\\/\\\/delikatessenmeran.com\\\/it\\\/produkt\\\/getrocknete-bananen\\\/#breadcrumb\",\"itemListElement\":[{\"@type\":\"ListItem\",\"position\":1,\"name\":\"Home\",\"item\":\"https:\\\/\\\/delikatessenmeran.com\\\/it\\\/\"},{\"@type\":\"ListItem\",\"position\":2,\"name\":\"Shop\",\"item\":\"https:\\\/\\\/delikatessenmeran.com\\\/it\\\/shop\\\/\"},{\"@type\":\"ListItem\",\"position\":3,\"name\":\"Getrocknete Bananen\"}]},{\"@type\":\"WebSite\",\"@id\":\"https:\\\/\\\/delikatessenmeran.com\\\/it\\\/#website\",\"url\":\"https:\\\/\\\/delikatessenmeran.com\\\/it\\\/\",\"name\":\"Delikatessen Rubner | Dein Delikatessenladen in Meran &amp; S\u00fcdtirol\",\"description\":\"Delikatessen Rubner. Dein Delikatessenladen in Meran &amp; S\u00fcdtirol\",\"potentialAction\":[{\"@type\":\"SearchAction\",\"target\":{\"@type\":\"EntryPoint\",\"urlTemplate\":\"https:\\\/\\\/delikatessenmeran.com\\\/it\\\/?s={search_term_string}\"},\"query-input\":{\"@type\":\"PropertyValueSpecification\",\"valueRequired\":true,\"valueName\":\"search_term_string\"}}],\"inLanguage\":\"it-IT\"}]}<\/script>\n<!-- \/ Yoast SEO plugin. -->","yoast_head_json":{"title":"Getrocknete Bananen - Delikatessen Rubner | Dein Delikatessenladen in Meran &amp; S\u00fcdtirol","robots":{"index":"index","follow":"follow","max-snippet":"max-snippet:-1","max-image-preview":"max-image-preview:large","max-video-preview":"max-video-preview:-1"},"canonical":"https:\/\/delikatessenmeran.com\/it\/produkt\/getrocknete-bananen\/","og_locale":"it_IT","og_type":"article","og_title":"Getrocknete Bananen - Delikatessen Rubner | Dein Delikatessenladen in Meran &amp; S\u00fcdtirol","og_description":"\u2714 Gefriergetrocknete Bananen (ohne Zuckerzusatz) \u2714 Top Qualit\u00e4t \u2714 Ohne Konservierungsmittel \u2714 Ohne Zuckerzusatz  &nbsp;  &nbsp;","og_url":"https:\/\/delikatessenmeran.com\/it\/produkt\/getrocknete-bananen\/","og_site_name":"Delikatessen Rubner | Dein Delikatessenladen in Meran &amp; S\u00fcdtirol","article_modified_time":"2025-07-15T05:51:00+00:00","og_image":[{"width":1200,"height":1200,"url":"https:\/\/delikatessenmeran.com\/wp-content\/uploads\/2020\/07\/Getrocknete-Bananen-1.png","type":"image\/png"}],"twitter_card":"summary_large_image","twitter_misc":{"Tempo di lettura stimato":"1 minuto"},"schema":{"@context":"https:\/\/schema.org","@graph":[{"@type":"WebPage","@id":"https:\/\/delikatessenmeran.com\/it\/produkt\/getrocknete-bananen\/","url":"https:\/\/delikatessenmeran.com\/it\/produkt\/getrocknete-bananen\/","name":"Getrocknete Bananen - Delikatessen Rubner | Dein Delikatessenladen in Meran &amp; S\u00fcdtirol","isPartOf":{"@id":"https:\/\/delikatessenmeran.com\/it\/#website"},"primaryImageOfPage":{"@id":"https:\/\/delikatessenmeran.com\/it\/produkt\/getrocknete-bananen\/#primaryimage"},"image":{"@id":"https:\/\/delikatessenmeran.com\/it\/produkt\/getrocknete-bananen\/#primaryimage"},"thumbnailUrl":"https:\/\/delikatessenmeran.com\/wp-content\/uploads\/2020\/07\/Getrocknete-Bananen-1.png","datePublished":"2020-07-10T11:46:07+00:00","dateModified":"2025-07-15T05:51:00+00:00","breadcrumb":{"@id":"https:\/\/delikatessenmeran.com\/it\/produkt\/getrocknete-bananen\/#breadcrumb"},"inLanguage":"it-IT","potentialAction":[{"@type":"ReadAction","target":["https:\/\/delikatessenmeran.com\/it\/produkt\/getrocknete-bananen\/"]}]},{"@type":"ImageObject","inLanguage":"it-IT","@id":"https:\/\/delikatessenmeran.com\/it\/produkt\/getrocknete-bananen\/#primaryimage","url":"https:\/\/delikatessenmeran.com\/wp-content\/uploads\/2020\/07\/Getrocknete-Bananen-1.png","contentUrl":"https:\/\/delikatessenmeran.com\/wp-content\/uploads\/2020\/07\/Getrocknete-Bananen-1.png","width":1200,"height":1200},{"@type":"BreadcrumbList","@id":"https:\/\/delikatessenmeran.com\/it\/produkt\/getrocknete-bananen\/#breadcrumb","itemListElement":[{"@type":"ListItem","position":1,"name":"Home","item":"https:\/\/delikatessenmeran.com\/it\/"},{"@type":"ListItem","position":2,"name":"Shop","item":"https:\/\/delikatessenmeran.com\/it\/shop\/"},{"@type":"ListItem","position":3,"name":"Getrocknete Bananen"}]},{"@type":"WebSite","@id":"https:\/\/delikatessenmeran.com\/it\/#website","url":"https:\/\/delikatessenmeran.com\/it\/","name":"Delikatessen Rubner | Dein Delikatessenladen in Meran &amp; S\u00fcdtirol","description":"Delikatessen Rubner. Dein Delikatessenladen in Meran &amp; S\u00fcdtirol","potentialAction":[{"@type":"SearchAction","target":{"@type":"EntryPoint","urlTemplate":"https:\/\/delikatessenmeran.com\/it\/?s={search_term_string}"},"query-input":{"@type":"PropertyValueSpecification","valueRequired":true,"valueName":"search_term_string"}}],"inLanguage":"it-IT"}]}},"_links":{"self":[{"href":"https:\/\/delikatessenmeran.com\/it\/wp-json\/wp\/v2\/product\/1158","targetHints":{"allow":["GET"]}}],"collection":[{"href":"https:\/\/delikatessenmeran.com\/it\/wp-json\/wp\/v2\/product"}],"about":[{"href":"https:\/\/delikatessenmeran.com\/it\/wp-json\/wp\/v2\/types\/product"}],"wp:featuredmedia":[{"embeddable":true,"href":"https:\/\/delikatessenmeran.com\/it\/wp-json\/wp\/v2\/media\/1804"}],"wp:attachment":[{"href":"https:\/\/delikatessenmeran.com\/it\/wp-json\/wp\/v2\/media?parent=1158"}],"wp:term":[{"taxonomy":"product_brand","embeddable":true,"href":"https:\/\/delikatessenmeran.com\/it\/wp-json\/wp\/v2\/product_brand?post=1158"},{"taxonomy":"product_cat","embeddable":true,"href":"https:\/\/delikatessenmeran.com\/it\/wp-json\/wp\/v2\/product_cat?post=1158"},{"taxonomy":"product_tag","embeddable":true,"href":"https:\/\/delikatessenmeran.com\/it\/wp-json\/wp\/v2\/product_tag?post=1158"}],"curies":[{"name":"wp","href":"https:\/\/api.w.org\/{rel}","templated":true}]}}