{"id":996,"date":"2020-04-06T16:44:44","date_gmt":"2020-04-06T16:44:44","guid":{"rendered":"https:\/\/www.mhteam.bz.it\/delikatessen\/?post_type=product&#038;p=996"},"modified":"2026-04-13T08:26:58","modified_gmt":"2026-04-13T08:26:58","slug":"getrocknete-steinpilze-bricciole","status":"publish","type":"product","link":"https:\/\/delikatessenmeran.com\/en\/produkt\/getrocknete-steinpilze-bricciole\/","title":{"rendered":"Getrocknete Steinpilze  &#8220;Bricciole&#8221; kleine St\u00fccke"},"content":{"rendered":"","protected":false},"excerpt":{"rendered":"<p><strong>Kleingeschnittene Steinpilze<\/strong> optimal f\u00fcr<br \/>\n&#8211;<strong>Steinpilz-Risotto<\/strong><br \/>\n<strong>-Suppen<\/strong><br \/>\n&#8211;<strong>So\u00dfen<\/strong><\/p>\n<p><strong>30min<\/strong> in lauwarmen Wasser aufweichen lassen.<\/p>\n","protected":false},"featured_media":993,"template":"","meta":[],"product_brand":[],"product_cat":[29],"product_tag":[],"class_list":{"0":"post-996","1":"product","2":"type-product","3":"status-publish","4":"has-post-thumbnail","6":"product_cat-getrocknete-steinpilze","8":"first","9":"instock","10":"taxable","11":"shipping-taxable","12":"purchasable","13":"product-type-variable","14":"has-default-attributes"},"yoast_head":"<!-- This site is optimized with the Yoast SEO plugin v27.5 - https:\/\/yoast.com\/product\/yoast-seo-wordpress\/ -->\n<title>Getrocknete Steinpilze &quot;Bricciole&quot; kleine St\u00fccke - Delikatessen Rubner | Dein Delikatessenladen in Meran &amp; S\u00fcdtirol<\/title>\n<meta name=\"robots\" content=\"index, follow, max-snippet:-1, max-image-preview:large, max-video-preview:-1\" \/>\n<link rel=\"canonical\" href=\"https:\/\/delikatessenmeran.com\/en\/produkt\/getrocknete-steinpilze-bricciole\/\" \/>\n<meta property=\"og:locale\" content=\"en_US\" \/>\n<meta property=\"og:type\" content=\"article\" \/>\n<meta property=\"og:title\" content=\"Getrocknete Steinpilze &quot;Bricciole&quot; kleine St\u00fccke - Delikatessen Rubner | Dein Delikatessenladen in Meran &amp; S\u00fcdtirol\" \/>\n<meta property=\"og:description\" content=\"Kleingeschnittene Steinpilze optimal f\u00fcr -Steinpilz-Risotto -Suppen -So\u00dfen  30min in lauwarmen Wasser aufweichen lassen.\" \/>\n<meta property=\"og:url\" content=\"https:\/\/delikatessenmeran.com\/en\/produkt\/getrocknete-steinpilze-bricciole\/\" \/>\n<meta property=\"og:site_name\" content=\"Delikatessen Rubner | Dein Delikatessenladen in Meran &amp; S\u00fcdtirol\" \/>\n<meta property=\"article:modified_time\" content=\"2026-04-13T08:26:58+00:00\" \/>\n<meta property=\"og:image\" content=\"https:\/\/delikatessenmeran.com\/wp-content\/uploads\/2020\/04\/getrocknete-steinpilze-funghi-porcini.png\" \/>\n\t<meta property=\"og:image:width\" content=\"550\" \/>\n\t<meta property=\"og:image:height\" content=\"550\" \/>\n\t<meta property=\"og:image:type\" content=\"image\/png\" \/>\n<meta name=\"twitter:card\" content=\"summary_large_image\" \/>\n<meta name=\"twitter:label1\" content=\"Est. reading time\" \/>\n\t<meta name=\"twitter:data1\" content=\"1 minute\" \/>\n<script type=\"application\/ld+json\" class=\"yoast-schema-graph\">{\"@context\":\"https:\\\/\\\/schema.org\",\"@graph\":[{\"@type\":\"WebPage\",\"@id\":\"https:\\\/\\\/delikatessenmeran.com\\\/en\\\/produkt\\\/getrocknete-steinpilze-bricciole\\\/\",\"url\":\"https:\\\/\\\/delikatessenmeran.com\\\/en\\\/produkt\\\/getrocknete-steinpilze-bricciole\\\/\",\"name\":\"Getrocknete Steinpilze \\\"Bricciole\\\" kleine St\u00fccke - Delikatessen Rubner | Dein Delikatessenladen in Meran &amp; S\u00fcdtirol\",\"isPartOf\":{\"@id\":\"https:\\\/\\\/delikatessenmeran.com\\\/en\\\/#website\"},\"primaryImageOfPage\":{\"@id\":\"https:\\\/\\\/delikatessenmeran.com\\\/en\\\/produkt\\\/getrocknete-steinpilze-bricciole\\\/#primaryimage\"},\"image\":{\"@id\":\"https:\\\/\\\/delikatessenmeran.com\\\/en\\\/produkt\\\/getrocknete-steinpilze-bricciole\\\/#primaryimage\"},\"thumbnailUrl\":\"https:\\\/\\\/delikatessenmeran.com\\\/wp-content\\\/uploads\\\/2020\\\/04\\\/getrocknete-steinpilze-funghi-porcini.png\",\"datePublished\":\"2020-04-06T16:44:44+00:00\",\"dateModified\":\"2026-04-13T08:26:58+00:00\",\"breadcrumb\":{\"@id\":\"https:\\\/\\\/delikatessenmeran.com\\\/en\\\/produkt\\\/getrocknete-steinpilze-bricciole\\\/#breadcrumb\"},\"inLanguage\":\"en-US\",\"potentialAction\":[{\"@type\":\"ReadAction\",\"target\":[\"https:\\\/\\\/delikatessenmeran.com\\\/en\\\/produkt\\\/getrocknete-steinpilze-bricciole\\\/\"]}]},{\"@type\":\"ImageObject\",\"inLanguage\":\"en-US\",\"@id\":\"https:\\\/\\\/delikatessenmeran.com\\\/en\\\/produkt\\\/getrocknete-steinpilze-bricciole\\\/#primaryimage\",\"url\":\"https:\\\/\\\/delikatessenmeran.com\\\/wp-content\\\/uploads\\\/2020\\\/04\\\/getrocknete-steinpilze-funghi-porcini.png\",\"contentUrl\":\"https:\\\/\\\/delikatessenmeran.com\\\/wp-content\\\/uploads\\\/2020\\\/04\\\/getrocknete-steinpilze-funghi-porcini.png\",\"width\":550,\"height\":550,\"caption\":\"getrocknete-steinpilze-funghi-porcini.png\"},{\"@type\":\"BreadcrumbList\",\"@id\":\"https:\\\/\\\/delikatessenmeran.com\\\/en\\\/produkt\\\/getrocknete-steinpilze-bricciole\\\/#breadcrumb\",\"itemListElement\":[{\"@type\":\"ListItem\",\"position\":1,\"name\":\"Home\",\"item\":\"https:\\\/\\\/delikatessenmeran.com\\\/en\\\/\"},{\"@type\":\"ListItem\",\"position\":2,\"name\":\"Shop\",\"item\":\"https:\\\/\\\/delikatessenmeran.com\\\/en\\\/shop\\\/\"},{\"@type\":\"ListItem\",\"position\":3,\"name\":\"Getrocknete Steinpilze &#8222;Bricciole&#8220; kleine St\u00fccke\"}]},{\"@type\":\"WebSite\",\"@id\":\"https:\\\/\\\/delikatessenmeran.com\\\/en\\\/#website\",\"url\":\"https:\\\/\\\/delikatessenmeran.com\\\/en\\\/\",\"name\":\"Delikatessen Rubner | Dein Delikatessenladen in Meran &amp; S\u00fcdtirol\",\"description\":\"Delikatessen Rubner. Dein Delikatessenladen in Meran &amp; S\u00fcdtirol\",\"potentialAction\":[{\"@type\":\"SearchAction\",\"target\":{\"@type\":\"EntryPoint\",\"urlTemplate\":\"https:\\\/\\\/delikatessenmeran.com\\\/en\\\/?s={search_term_string}\"},\"query-input\":{\"@type\":\"PropertyValueSpecification\",\"valueRequired\":true,\"valueName\":\"search_term_string\"}}],\"inLanguage\":\"en-US\"}]}<\/script>\n<!-- \/ Yoast SEO plugin. -->","yoast_head_json":{"title":"Getrocknete Steinpilze \"Bricciole\" kleine St\u00fccke - Delikatessen Rubner | Dein Delikatessenladen in Meran &amp; S\u00fcdtirol","robots":{"index":"index","follow":"follow","max-snippet":"max-snippet:-1","max-image-preview":"max-image-preview:large","max-video-preview":"max-video-preview:-1"},"canonical":"https:\/\/delikatessenmeran.com\/en\/produkt\/getrocknete-steinpilze-bricciole\/","og_locale":"en_US","og_type":"article","og_title":"Getrocknete Steinpilze \"Bricciole\" kleine St\u00fccke - Delikatessen Rubner | Dein Delikatessenladen in Meran &amp; S\u00fcdtirol","og_description":"Kleingeschnittene Steinpilze optimal f\u00fcr -Steinpilz-Risotto -Suppen -So\u00dfen  30min in lauwarmen Wasser aufweichen lassen.","og_url":"https:\/\/delikatessenmeran.com\/en\/produkt\/getrocknete-steinpilze-bricciole\/","og_site_name":"Delikatessen Rubner | Dein Delikatessenladen in Meran &amp; S\u00fcdtirol","article_modified_time":"2026-04-13T08:26:58+00:00","og_image":[{"width":550,"height":550,"url":"https:\/\/delikatessenmeran.com\/wp-content\/uploads\/2020\/04\/getrocknete-steinpilze-funghi-porcini.png","type":"image\/png"}],"twitter_card":"summary_large_image","twitter_misc":{"Est. reading time":"1 minute"},"schema":{"@context":"https:\/\/schema.org","@graph":[{"@type":"WebPage","@id":"https:\/\/delikatessenmeran.com\/en\/produkt\/getrocknete-steinpilze-bricciole\/","url":"https:\/\/delikatessenmeran.com\/en\/produkt\/getrocknete-steinpilze-bricciole\/","name":"Getrocknete Steinpilze \"Bricciole\" kleine St\u00fccke - Delikatessen Rubner | Dein Delikatessenladen in Meran &amp; S\u00fcdtirol","isPartOf":{"@id":"https:\/\/delikatessenmeran.com\/en\/#website"},"primaryImageOfPage":{"@id":"https:\/\/delikatessenmeran.com\/en\/produkt\/getrocknete-steinpilze-bricciole\/#primaryimage"},"image":{"@id":"https:\/\/delikatessenmeran.com\/en\/produkt\/getrocknete-steinpilze-bricciole\/#primaryimage"},"thumbnailUrl":"https:\/\/delikatessenmeran.com\/wp-content\/uploads\/2020\/04\/getrocknete-steinpilze-funghi-porcini.png","datePublished":"2020-04-06T16:44:44+00:00","dateModified":"2026-04-13T08:26:58+00:00","breadcrumb":{"@id":"https:\/\/delikatessenmeran.com\/en\/produkt\/getrocknete-steinpilze-bricciole\/#breadcrumb"},"inLanguage":"en-US","potentialAction":[{"@type":"ReadAction","target":["https:\/\/delikatessenmeran.com\/en\/produkt\/getrocknete-steinpilze-bricciole\/"]}]},{"@type":"ImageObject","inLanguage":"en-US","@id":"https:\/\/delikatessenmeran.com\/en\/produkt\/getrocknete-steinpilze-bricciole\/#primaryimage","url":"https:\/\/delikatessenmeran.com\/wp-content\/uploads\/2020\/04\/getrocknete-steinpilze-funghi-porcini.png","contentUrl":"https:\/\/delikatessenmeran.com\/wp-content\/uploads\/2020\/04\/getrocknete-steinpilze-funghi-porcini.png","width":550,"height":550,"caption":"getrocknete-steinpilze-funghi-porcini.png"},{"@type":"BreadcrumbList","@id":"https:\/\/delikatessenmeran.com\/en\/produkt\/getrocknete-steinpilze-bricciole\/#breadcrumb","itemListElement":[{"@type":"ListItem","position":1,"name":"Home","item":"https:\/\/delikatessenmeran.com\/en\/"},{"@type":"ListItem","position":2,"name":"Shop","item":"https:\/\/delikatessenmeran.com\/en\/shop\/"},{"@type":"ListItem","position":3,"name":"Getrocknete Steinpilze &#8222;Bricciole&#8220; kleine St\u00fccke"}]},{"@type":"WebSite","@id":"https:\/\/delikatessenmeran.com\/en\/#website","url":"https:\/\/delikatessenmeran.com\/en\/","name":"Delikatessen Rubner | Dein Delikatessenladen in Meran &amp; S\u00fcdtirol","description":"Delikatessen Rubner. Dein Delikatessenladen in Meran &amp; S\u00fcdtirol","potentialAction":[{"@type":"SearchAction","target":{"@type":"EntryPoint","urlTemplate":"https:\/\/delikatessenmeran.com\/en\/?s={search_term_string}"},"query-input":{"@type":"PropertyValueSpecification","valueRequired":true,"valueName":"search_term_string"}}],"inLanguage":"en-US"}]}},"_links":{"self":[{"href":"https:\/\/delikatessenmeran.com\/en\/wp-json\/wp\/v2\/product\/996","targetHints":{"allow":["GET"]}}],"collection":[{"href":"https:\/\/delikatessenmeran.com\/en\/wp-json\/wp\/v2\/product"}],"about":[{"href":"https:\/\/delikatessenmeran.com\/en\/wp-json\/wp\/v2\/types\/product"}],"wp:featuredmedia":[{"embeddable":true,"href":"https:\/\/delikatessenmeran.com\/en\/wp-json\/wp\/v2\/media\/993"}],"wp:attachment":[{"href":"https:\/\/delikatessenmeran.com\/en\/wp-json\/wp\/v2\/media?parent=996"}],"wp:term":[{"taxonomy":"product_brand","embeddable":true,"href":"https:\/\/delikatessenmeran.com\/en\/wp-json\/wp\/v2\/product_brand?post=996"},{"taxonomy":"product_cat","embeddable":true,"href":"https:\/\/delikatessenmeran.com\/en\/wp-json\/wp\/v2\/product_cat?post=996"},{"taxonomy":"product_tag","embeddable":true,"href":"https:\/\/delikatessenmeran.com\/en\/wp-json\/wp\/v2\/product_tag?post=996"}],"curies":[{"name":"wp","href":"https:\/\/api.w.org\/{rel}","templated":true}]}}