{"id":938,"date":"2020-03-13T17:27:50","date_gmt":"2020-03-13T17:27:50","guid":{"rendered":"https:\/\/www.mhteam.bz.it\/delikatessen\/?post_type=product&#038;p=938"},"modified":"2023-11-23T13:49:02","modified_gmt":"2023-11-23T13:49:02","slug":"aromi-per-insalata","status":"publish","type":"product","link":"https:\/\/delikatessenmeran.com\/en\/produkt\/aromi-per-insalata\/","title":{"rendered":"Aromi per insalata-Salatgew\u00fcrz"},"content":{"rendered":"<p>Zutaten: Zwiebel, Salbei, toskanische Gewuerze, Knoblauch, Schnittlauch, Oregano, Kurkumin, Salz.<\/p>\n","protected":false},"excerpt":{"rendered":"<p>Salat schmeckt langweilig? Nicht mit diesem Gew\u00fcrz! Die Komposition bringt die ganze Vielfalt der Toskana auf den Tisch. Zwiebel, Knoblauch und Schnittlauch bilden die Basis, <strong>Salbei<\/strong> und <strong>Kurkuma<\/strong> sorgen f\u00fcr <strong>\u00dcberraschungen am Gaumen<\/strong>. Am besten kurz vor dem Servieren in Oliven\u00f6l einr\u00fchren, so entfalten sich die Aromen am besten \u2013 das ergibt auch eine <strong>hervorragende Gefl\u00fcgel-Marinade! <\/strong><\/p>\n","protected":false},"featured_media":939,"template":"","meta":[],"product_brand":[],"product_cat":[20],"product_tag":[],"class_list":{"0":"post-938","1":"product","2":"type-product","3":"status-publish","4":"has-post-thumbnail","6":"product_cat-gewuerze","8":"first","9":"instock","10":"taxable","11":"shipping-taxable","12":"purchasable","13":"product-type-simple"},"yoast_head":"<!-- This site is optimized with the Yoast SEO plugin v27.4 - https:\/\/yoast.com\/product\/yoast-seo-wordpress\/ -->\n<title>Aromi per insalata-Salatgew\u00fcrz - Delikatessen Rubner | Dein Delikatessenladen in Meran &amp; S\u00fcdtirol<\/title>\n<meta name=\"robots\" content=\"index, follow, max-snippet:-1, max-image-preview:large, max-video-preview:-1\" \/>\n<link rel=\"canonical\" href=\"https:\/\/delikatessenmeran.com\/en\/produkt\/aromi-per-insalata\/\" \/>\n<meta property=\"og:locale\" content=\"en_US\" \/>\n<meta property=\"og:type\" content=\"article\" \/>\n<meta property=\"og:title\" content=\"Aromi per insalata-Salatgew\u00fcrz - Delikatessen Rubner | Dein Delikatessenladen in Meran &amp; S\u00fcdtirol\" \/>\n<meta property=\"og:description\" content=\"Salat schmeckt langweilig? Nicht mit diesem Gew\u00fcrz! Die Komposition bringt die ganze Vielfalt der Toskana auf den Tisch. Zwiebel, Knoblauch und Schnittlauch bilden die Basis, Salbei und Kurkuma sorgen f\u00fcr \u00dcberraschungen am Gaumen. Am besten kurz vor dem Servieren in Oliven\u00f6l einr\u00fchren, so entfalten sich die Aromen am besten \u2013 das ergibt auch eine hervorragende Gefl\u00fcgel-Marinade!\" \/>\n<meta property=\"og:url\" content=\"https:\/\/delikatessenmeran.com\/en\/produkt\/aromi-per-insalata\/\" \/>\n<meta property=\"og:site_name\" content=\"Delikatessen Rubner | Dein Delikatessenladen in Meran &amp; S\u00fcdtirol\" \/>\n<meta property=\"article:modified_time\" content=\"2023-11-23T13:49:02+00:00\" \/>\n<meta property=\"og:image\" content=\"https:\/\/delikatessenmeran.com\/wp-content\/uploads\/2020\/03\/Aromi-per-insalata.jpg\" \/>\n\t<meta property=\"og:image:width\" content=\"550\" \/>\n\t<meta property=\"og:image:height\" content=\"550\" \/>\n\t<meta property=\"og:image:type\" content=\"image\/jpeg\" \/>\n<meta name=\"twitter:card\" content=\"summary_large_image\" \/>\n<meta name=\"twitter:label1\" content=\"Est. reading time\" \/>\n\t<meta name=\"twitter:data1\" content=\"1 minute\" \/>\n<script type=\"application\/ld+json\" class=\"yoast-schema-graph\">{\"@context\":\"https:\\\/\\\/schema.org\",\"@graph\":[{\"@type\":\"WebPage\",\"@id\":\"https:\\\/\\\/delikatessenmeran.com\\\/en\\\/produkt\\\/aromi-per-insalata\\\/\",\"url\":\"https:\\\/\\\/delikatessenmeran.com\\\/en\\\/produkt\\\/aromi-per-insalata\\\/\",\"name\":\"Aromi per insalata-Salatgew\u00fcrz - Delikatessen Rubner | Dein Delikatessenladen in Meran &amp; S\u00fcdtirol\",\"isPartOf\":{\"@id\":\"https:\\\/\\\/delikatessenmeran.com\\\/en\\\/#website\"},\"primaryImageOfPage\":{\"@id\":\"https:\\\/\\\/delikatessenmeran.com\\\/en\\\/produkt\\\/aromi-per-insalata\\\/#primaryimage\"},\"image\":{\"@id\":\"https:\\\/\\\/delikatessenmeran.com\\\/en\\\/produkt\\\/aromi-per-insalata\\\/#primaryimage\"},\"thumbnailUrl\":\"https:\\\/\\\/delikatessenmeran.com\\\/wp-content\\\/uploads\\\/2020\\\/03\\\/Aromi-per-insalata.jpg\",\"datePublished\":\"2020-03-13T17:27:50+00:00\",\"dateModified\":\"2023-11-23T13:49:02+00:00\",\"breadcrumb\":{\"@id\":\"https:\\\/\\\/delikatessenmeran.com\\\/en\\\/produkt\\\/aromi-per-insalata\\\/#breadcrumb\"},\"inLanguage\":\"en-US\",\"potentialAction\":[{\"@type\":\"ReadAction\",\"target\":[\"https:\\\/\\\/delikatessenmeran.com\\\/en\\\/produkt\\\/aromi-per-insalata\\\/\"]}]},{\"@type\":\"ImageObject\",\"inLanguage\":\"en-US\",\"@id\":\"https:\\\/\\\/delikatessenmeran.com\\\/en\\\/produkt\\\/aromi-per-insalata\\\/#primaryimage\",\"url\":\"https:\\\/\\\/delikatessenmeran.com\\\/wp-content\\\/uploads\\\/2020\\\/03\\\/Aromi-per-insalata.jpg\",\"contentUrl\":\"https:\\\/\\\/delikatessenmeran.com\\\/wp-content\\\/uploads\\\/2020\\\/03\\\/Aromi-per-insalata.jpg\",\"width\":550,\"height\":550},{\"@type\":\"BreadcrumbList\",\"@id\":\"https:\\\/\\\/delikatessenmeran.com\\\/en\\\/produkt\\\/aromi-per-insalata\\\/#breadcrumb\",\"itemListElement\":[{\"@type\":\"ListItem\",\"position\":1,\"name\":\"Home\",\"item\":\"https:\\\/\\\/delikatessenmeran.com\\\/en\\\/\"},{\"@type\":\"ListItem\",\"position\":2,\"name\":\"Shop\",\"item\":\"https:\\\/\\\/delikatessenmeran.com\\\/en\\\/shop\\\/\"},{\"@type\":\"ListItem\",\"position\":3,\"name\":\"Aromi per insalata-Salatgew\u00fcrz\"}]},{\"@type\":\"WebSite\",\"@id\":\"https:\\\/\\\/delikatessenmeran.com\\\/en\\\/#website\",\"url\":\"https:\\\/\\\/delikatessenmeran.com\\\/en\\\/\",\"name\":\"Delikatessen Rubner | Dein Delikatessenladen in Meran &amp; S\u00fcdtirol\",\"description\":\"Delikatessen Rubner. Dein Delikatessenladen in Meran &amp; S\u00fcdtirol\",\"potentialAction\":[{\"@type\":\"SearchAction\",\"target\":{\"@type\":\"EntryPoint\",\"urlTemplate\":\"https:\\\/\\\/delikatessenmeran.com\\\/en\\\/?s={search_term_string}\"},\"query-input\":{\"@type\":\"PropertyValueSpecification\",\"valueRequired\":true,\"valueName\":\"search_term_string\"}}],\"inLanguage\":\"en-US\"}]}<\/script>\n<!-- \/ Yoast SEO plugin. -->","yoast_head_json":{"title":"Aromi per insalata-Salatgew\u00fcrz - Delikatessen Rubner | Dein Delikatessenladen in Meran &amp; S\u00fcdtirol","robots":{"index":"index","follow":"follow","max-snippet":"max-snippet:-1","max-image-preview":"max-image-preview:large","max-video-preview":"max-video-preview:-1"},"canonical":"https:\/\/delikatessenmeran.com\/en\/produkt\/aromi-per-insalata\/","og_locale":"en_US","og_type":"article","og_title":"Aromi per insalata-Salatgew\u00fcrz - Delikatessen Rubner | Dein Delikatessenladen in Meran &amp; S\u00fcdtirol","og_description":"Salat schmeckt langweilig? Nicht mit diesem Gew\u00fcrz! Die Komposition bringt die ganze Vielfalt der Toskana auf den Tisch. Zwiebel, Knoblauch und Schnittlauch bilden die Basis, Salbei und Kurkuma sorgen f\u00fcr \u00dcberraschungen am Gaumen. Am besten kurz vor dem Servieren in Oliven\u00f6l einr\u00fchren, so entfalten sich die Aromen am besten \u2013 das ergibt auch eine hervorragende Gefl\u00fcgel-Marinade!","og_url":"https:\/\/delikatessenmeran.com\/en\/produkt\/aromi-per-insalata\/","og_site_name":"Delikatessen Rubner | Dein Delikatessenladen in Meran &amp; S\u00fcdtirol","article_modified_time":"2023-11-23T13:49:02+00:00","og_image":[{"width":550,"height":550,"url":"https:\/\/delikatessenmeran.com\/wp-content\/uploads\/2020\/03\/Aromi-per-insalata.jpg","type":"image\/jpeg"}],"twitter_card":"summary_large_image","twitter_misc":{"Est. reading time":"1 minute"},"schema":{"@context":"https:\/\/schema.org","@graph":[{"@type":"WebPage","@id":"https:\/\/delikatessenmeran.com\/en\/produkt\/aromi-per-insalata\/","url":"https:\/\/delikatessenmeran.com\/en\/produkt\/aromi-per-insalata\/","name":"Aromi per insalata-Salatgew\u00fcrz - Delikatessen Rubner | Dein Delikatessenladen in Meran &amp; S\u00fcdtirol","isPartOf":{"@id":"https:\/\/delikatessenmeran.com\/en\/#website"},"primaryImageOfPage":{"@id":"https:\/\/delikatessenmeran.com\/en\/produkt\/aromi-per-insalata\/#primaryimage"},"image":{"@id":"https:\/\/delikatessenmeran.com\/en\/produkt\/aromi-per-insalata\/#primaryimage"},"thumbnailUrl":"https:\/\/delikatessenmeran.com\/wp-content\/uploads\/2020\/03\/Aromi-per-insalata.jpg","datePublished":"2020-03-13T17:27:50+00:00","dateModified":"2023-11-23T13:49:02+00:00","breadcrumb":{"@id":"https:\/\/delikatessenmeran.com\/en\/produkt\/aromi-per-insalata\/#breadcrumb"},"inLanguage":"en-US","potentialAction":[{"@type":"ReadAction","target":["https:\/\/delikatessenmeran.com\/en\/produkt\/aromi-per-insalata\/"]}]},{"@type":"ImageObject","inLanguage":"en-US","@id":"https:\/\/delikatessenmeran.com\/en\/produkt\/aromi-per-insalata\/#primaryimage","url":"https:\/\/delikatessenmeran.com\/wp-content\/uploads\/2020\/03\/Aromi-per-insalata.jpg","contentUrl":"https:\/\/delikatessenmeran.com\/wp-content\/uploads\/2020\/03\/Aromi-per-insalata.jpg","width":550,"height":550},{"@type":"BreadcrumbList","@id":"https:\/\/delikatessenmeran.com\/en\/produkt\/aromi-per-insalata\/#breadcrumb","itemListElement":[{"@type":"ListItem","position":1,"name":"Home","item":"https:\/\/delikatessenmeran.com\/en\/"},{"@type":"ListItem","position":2,"name":"Shop","item":"https:\/\/delikatessenmeran.com\/en\/shop\/"},{"@type":"ListItem","position":3,"name":"Aromi per insalata-Salatgew\u00fcrz"}]},{"@type":"WebSite","@id":"https:\/\/delikatessenmeran.com\/en\/#website","url":"https:\/\/delikatessenmeran.com\/en\/","name":"Delikatessen Rubner | Dein Delikatessenladen in Meran &amp; S\u00fcdtirol","description":"Delikatessen Rubner. Dein Delikatessenladen in Meran &amp; S\u00fcdtirol","potentialAction":[{"@type":"SearchAction","target":{"@type":"EntryPoint","urlTemplate":"https:\/\/delikatessenmeran.com\/en\/?s={search_term_string}"},"query-input":{"@type":"PropertyValueSpecification","valueRequired":true,"valueName":"search_term_string"}}],"inLanguage":"en-US"}]}},"_links":{"self":[{"href":"https:\/\/delikatessenmeran.com\/en\/wp-json\/wp\/v2\/product\/938","targetHints":{"allow":["GET"]}}],"collection":[{"href":"https:\/\/delikatessenmeran.com\/en\/wp-json\/wp\/v2\/product"}],"about":[{"href":"https:\/\/delikatessenmeran.com\/en\/wp-json\/wp\/v2\/types\/product"}],"wp:featuredmedia":[{"embeddable":true,"href":"https:\/\/delikatessenmeran.com\/en\/wp-json\/wp\/v2\/media\/939"}],"wp:attachment":[{"href":"https:\/\/delikatessenmeran.com\/en\/wp-json\/wp\/v2\/media?parent=938"}],"wp:term":[{"taxonomy":"product_brand","embeddable":true,"href":"https:\/\/delikatessenmeran.com\/en\/wp-json\/wp\/v2\/product_brand?post=938"},{"taxonomy":"product_cat","embeddable":true,"href":"https:\/\/delikatessenmeran.com\/en\/wp-json\/wp\/v2\/product_cat?post=938"},{"taxonomy":"product_tag","embeddable":true,"href":"https:\/\/delikatessenmeran.com\/en\/wp-json\/wp\/v2\/product_tag?post=938"}],"curies":[{"name":"wp","href":"https:\/\/api.w.org\/{rel}","templated":true}]}}