{"id":1724,"date":"2023-11-15T15:13:23","date_gmt":"2023-11-15T15:13:23","guid":{"rendered":"https:\/\/delikatessenmeran.com\/?post_type=product&#038;p=1724"},"modified":"2026-04-13T08:23:02","modified_gmt":"2026-04-13T08:23:02","slug":"steinpilze-bricciole-mittel","status":"publish","type":"product","link":"https:\/\/delikatessenmeran.com\/en\/produkt\/steinpilze-bricciole-mittel\/","title":{"rendered":"Getrocknete Steinpilze &#8220;bricciole mittel&#8221;"},"content":{"rendered":"","protected":false},"excerpt":{"rendered":"<p><strong>Steinpilze mittlerer Gr\u00f6\u00dfe<\/strong>, nicht zu gro\u00df und nicht zu klein!<\/p>\n<p>Perfekt geeignet f\u00fcr:<br \/>\n<strong>-Steinpilz-Risotto<\/strong><br \/>\n<strong>-Zusammen mit Nudeln<\/strong><br \/>\n<strong>-F\u00fcr die So\u00dfe<\/strong><\/p>\n<p><strong>30min<\/strong> in lauwarmen Wasser aufweichen lassen.<\/p>\n","protected":false},"featured_media":1806,"template":"","meta":[],"product_brand":[],"product_cat":[30,29],"product_tag":[],"class_list":{"0":"post-1724","1":"product","2":"type-product","3":"status-publish","4":"has-post-thumbnail","6":"product_cat-getrocknete-pilze","7":"product_cat-getrocknete-steinpilze","9":"first","10":"instock","11":"taxable","12":"shipping-taxable","13":"purchasable","14":"product-type-variable","15":"has-default-attributes"},"yoast_head":"<!-- This site is optimized with the Yoast SEO plugin v27.5 - https:\/\/yoast.com\/product\/yoast-seo-wordpress\/ -->\n<title>Getrocknete Steinpilze &quot;bricciole mittel&quot; - Delikatessen Rubner | Dein Delikatessenladen in Meran &amp; S\u00fcdtirol<\/title>\n<meta name=\"robots\" content=\"index, follow, max-snippet:-1, max-image-preview:large, max-video-preview:-1\" \/>\n<link rel=\"canonical\" href=\"https:\/\/delikatessenmeran.com\/en\/produkt\/steinpilze-bricciole-mittel\/\" \/>\n<meta property=\"og:locale\" content=\"en_US\" \/>\n<meta property=\"og:type\" content=\"article\" \/>\n<meta property=\"og:title\" content=\"Getrocknete Steinpilze &quot;bricciole mittel&quot; - Delikatessen Rubner | Dein Delikatessenladen in Meran &amp; S\u00fcdtirol\" \/>\n<meta property=\"og:description\" content=\"Steinpilze mittlerer Gr\u00f6\u00dfe, nicht zu gro\u00df und nicht zu klein!  Perfekt geeignet f\u00fcr: -Steinpilz-Risotto -Zusammen mit Nudeln -F\u00fcr die So\u00dfe  30min in lauwarmen Wasser aufweichen lassen.\" \/>\n<meta property=\"og:url\" content=\"https:\/\/delikatessenmeran.com\/en\/produkt\/steinpilze-bricciole-mittel\/\" \/>\n<meta property=\"og:site_name\" content=\"Delikatessen Rubner | Dein Delikatessenladen in Meran &amp; S\u00fcdtirol\" \/>\n<meta property=\"article:modified_time\" content=\"2026-04-13T08:23:02+00:00\" \/>\n<meta property=\"og:image\" content=\"https:\/\/delikatessenmeran.com\/wp-content\/uploads\/2023\/11\/Steinpilze-Mittel.png\" \/>\n\t<meta property=\"og:image:width\" content=\"1200\" \/>\n\t<meta property=\"og:image:height\" content=\"1200\" \/>\n\t<meta property=\"og:image:type\" content=\"image\/png\" \/>\n<meta name=\"twitter:card\" content=\"summary_large_image\" \/>\n<meta name=\"twitter:label1\" content=\"Est. reading time\" \/>\n\t<meta name=\"twitter:data1\" content=\"1 minute\" \/>\n<script type=\"application\/ld+json\" class=\"yoast-schema-graph\">{\"@context\":\"https:\\\/\\\/schema.org\",\"@graph\":[{\"@type\":\"WebPage\",\"@id\":\"https:\\\/\\\/delikatessenmeran.com\\\/en\\\/produkt\\\/steinpilze-bricciole-mittel\\\/\",\"url\":\"https:\\\/\\\/delikatessenmeran.com\\\/en\\\/produkt\\\/steinpilze-bricciole-mittel\\\/\",\"name\":\"Getrocknete Steinpilze \\\"bricciole mittel\\\" - Delikatessen Rubner | Dein Delikatessenladen in Meran &amp; S\u00fcdtirol\",\"isPartOf\":{\"@id\":\"https:\\\/\\\/delikatessenmeran.com\\\/en\\\/#website\"},\"primaryImageOfPage\":{\"@id\":\"https:\\\/\\\/delikatessenmeran.com\\\/en\\\/produkt\\\/steinpilze-bricciole-mittel\\\/#primaryimage\"},\"image\":{\"@id\":\"https:\\\/\\\/delikatessenmeran.com\\\/en\\\/produkt\\\/steinpilze-bricciole-mittel\\\/#primaryimage\"},\"thumbnailUrl\":\"https:\\\/\\\/delikatessenmeran.com\\\/wp-content\\\/uploads\\\/2023\\\/11\\\/Steinpilze-Mittel.png\",\"datePublished\":\"2023-11-15T15:13:23+00:00\",\"dateModified\":\"2026-04-13T08:23:02+00:00\",\"breadcrumb\":{\"@id\":\"https:\\\/\\\/delikatessenmeran.com\\\/en\\\/produkt\\\/steinpilze-bricciole-mittel\\\/#breadcrumb\"},\"inLanguage\":\"en-US\",\"potentialAction\":[{\"@type\":\"ReadAction\",\"target\":[\"https:\\\/\\\/delikatessenmeran.com\\\/en\\\/produkt\\\/steinpilze-bricciole-mittel\\\/\"]}]},{\"@type\":\"ImageObject\",\"inLanguage\":\"en-US\",\"@id\":\"https:\\\/\\\/delikatessenmeran.com\\\/en\\\/produkt\\\/steinpilze-bricciole-mittel\\\/#primaryimage\",\"url\":\"https:\\\/\\\/delikatessenmeran.com\\\/wp-content\\\/uploads\\\/2023\\\/11\\\/Steinpilze-Mittel.png\",\"contentUrl\":\"https:\\\/\\\/delikatessenmeran.com\\\/wp-content\\\/uploads\\\/2023\\\/11\\\/Steinpilze-Mittel.png\",\"width\":1200,\"height\":1200},{\"@type\":\"BreadcrumbList\",\"@id\":\"https:\\\/\\\/delikatessenmeran.com\\\/en\\\/produkt\\\/steinpilze-bricciole-mittel\\\/#breadcrumb\",\"itemListElement\":[{\"@type\":\"ListItem\",\"position\":1,\"name\":\"Home\",\"item\":\"https:\\\/\\\/delikatessenmeran.com\\\/en\\\/\"},{\"@type\":\"ListItem\",\"position\":2,\"name\":\"Shop\",\"item\":\"https:\\\/\\\/delikatessenmeran.com\\\/en\\\/shop\\\/\"},{\"@type\":\"ListItem\",\"position\":3,\"name\":\"Getrocknete Steinpilze &#8222;bricciole mittel&#8220;\"}]},{\"@type\":\"WebSite\",\"@id\":\"https:\\\/\\\/delikatessenmeran.com\\\/en\\\/#website\",\"url\":\"https:\\\/\\\/delikatessenmeran.com\\\/en\\\/\",\"name\":\"Delikatessen Rubner | Dein Delikatessenladen in Meran &amp; S\u00fcdtirol\",\"description\":\"Delikatessen Rubner. Dein Delikatessenladen in Meran &amp; S\u00fcdtirol\",\"potentialAction\":[{\"@type\":\"SearchAction\",\"target\":{\"@type\":\"EntryPoint\",\"urlTemplate\":\"https:\\\/\\\/delikatessenmeran.com\\\/en\\\/?s={search_term_string}\"},\"query-input\":{\"@type\":\"PropertyValueSpecification\",\"valueRequired\":true,\"valueName\":\"search_term_string\"}}],\"inLanguage\":\"en-US\"}]}<\/script>\n<!-- \/ Yoast SEO plugin. -->","yoast_head_json":{"title":"Getrocknete Steinpilze \"bricciole mittel\" - Delikatessen Rubner | Dein Delikatessenladen in Meran &amp; S\u00fcdtirol","robots":{"index":"index","follow":"follow","max-snippet":"max-snippet:-1","max-image-preview":"max-image-preview:large","max-video-preview":"max-video-preview:-1"},"canonical":"https:\/\/delikatessenmeran.com\/en\/produkt\/steinpilze-bricciole-mittel\/","og_locale":"en_US","og_type":"article","og_title":"Getrocknete Steinpilze \"bricciole mittel\" - Delikatessen Rubner | Dein Delikatessenladen in Meran &amp; S\u00fcdtirol","og_description":"Steinpilze mittlerer Gr\u00f6\u00dfe, nicht zu gro\u00df und nicht zu klein!  Perfekt geeignet f\u00fcr: -Steinpilz-Risotto -Zusammen mit Nudeln -F\u00fcr die So\u00dfe  30min in lauwarmen Wasser aufweichen lassen.","og_url":"https:\/\/delikatessenmeran.com\/en\/produkt\/steinpilze-bricciole-mittel\/","og_site_name":"Delikatessen Rubner | Dein Delikatessenladen in Meran &amp; S\u00fcdtirol","article_modified_time":"2026-04-13T08:23:02+00:00","og_image":[{"width":1200,"height":1200,"url":"https:\/\/delikatessenmeran.com\/wp-content\/uploads\/2023\/11\/Steinpilze-Mittel.png","type":"image\/png"}],"twitter_card":"summary_large_image","twitter_misc":{"Est. reading time":"1 minute"},"schema":{"@context":"https:\/\/schema.org","@graph":[{"@type":"WebPage","@id":"https:\/\/delikatessenmeran.com\/en\/produkt\/steinpilze-bricciole-mittel\/","url":"https:\/\/delikatessenmeran.com\/en\/produkt\/steinpilze-bricciole-mittel\/","name":"Getrocknete Steinpilze \"bricciole mittel\" - Delikatessen Rubner | Dein Delikatessenladen in Meran &amp; S\u00fcdtirol","isPartOf":{"@id":"https:\/\/delikatessenmeran.com\/en\/#website"},"primaryImageOfPage":{"@id":"https:\/\/delikatessenmeran.com\/en\/produkt\/steinpilze-bricciole-mittel\/#primaryimage"},"image":{"@id":"https:\/\/delikatessenmeran.com\/en\/produkt\/steinpilze-bricciole-mittel\/#primaryimage"},"thumbnailUrl":"https:\/\/delikatessenmeran.com\/wp-content\/uploads\/2023\/11\/Steinpilze-Mittel.png","datePublished":"2023-11-15T15:13:23+00:00","dateModified":"2026-04-13T08:23:02+00:00","breadcrumb":{"@id":"https:\/\/delikatessenmeran.com\/en\/produkt\/steinpilze-bricciole-mittel\/#breadcrumb"},"inLanguage":"en-US","potentialAction":[{"@type":"ReadAction","target":["https:\/\/delikatessenmeran.com\/en\/produkt\/steinpilze-bricciole-mittel\/"]}]},{"@type":"ImageObject","inLanguage":"en-US","@id":"https:\/\/delikatessenmeran.com\/en\/produkt\/steinpilze-bricciole-mittel\/#primaryimage","url":"https:\/\/delikatessenmeran.com\/wp-content\/uploads\/2023\/11\/Steinpilze-Mittel.png","contentUrl":"https:\/\/delikatessenmeran.com\/wp-content\/uploads\/2023\/11\/Steinpilze-Mittel.png","width":1200,"height":1200},{"@type":"BreadcrumbList","@id":"https:\/\/delikatessenmeran.com\/en\/produkt\/steinpilze-bricciole-mittel\/#breadcrumb","itemListElement":[{"@type":"ListItem","position":1,"name":"Home","item":"https:\/\/delikatessenmeran.com\/en\/"},{"@type":"ListItem","position":2,"name":"Shop","item":"https:\/\/delikatessenmeran.com\/en\/shop\/"},{"@type":"ListItem","position":3,"name":"Getrocknete Steinpilze &#8222;bricciole mittel&#8220;"}]},{"@type":"WebSite","@id":"https:\/\/delikatessenmeran.com\/en\/#website","url":"https:\/\/delikatessenmeran.com\/en\/","name":"Delikatessen Rubner | Dein Delikatessenladen in Meran &amp; S\u00fcdtirol","description":"Delikatessen Rubner. Dein Delikatessenladen in Meran &amp; S\u00fcdtirol","potentialAction":[{"@type":"SearchAction","target":{"@type":"EntryPoint","urlTemplate":"https:\/\/delikatessenmeran.com\/en\/?s={search_term_string}"},"query-input":{"@type":"PropertyValueSpecification","valueRequired":true,"valueName":"search_term_string"}}],"inLanguage":"en-US"}]}},"_links":{"self":[{"href":"https:\/\/delikatessenmeran.com\/en\/wp-json\/wp\/v2\/product\/1724","targetHints":{"allow":["GET"]}}],"collection":[{"href":"https:\/\/delikatessenmeran.com\/en\/wp-json\/wp\/v2\/product"}],"about":[{"href":"https:\/\/delikatessenmeran.com\/en\/wp-json\/wp\/v2\/types\/product"}],"wp:featuredmedia":[{"embeddable":true,"href":"https:\/\/delikatessenmeran.com\/en\/wp-json\/wp\/v2\/media\/1806"}],"wp:attachment":[{"href":"https:\/\/delikatessenmeran.com\/en\/wp-json\/wp\/v2\/media?parent=1724"}],"wp:term":[{"taxonomy":"product_brand","embeddable":true,"href":"https:\/\/delikatessenmeran.com\/en\/wp-json\/wp\/v2\/product_brand?post=1724"},{"taxonomy":"product_cat","embeddable":true,"href":"https:\/\/delikatessenmeran.com\/en\/wp-json\/wp\/v2\/product_cat?post=1724"},{"taxonomy":"product_tag","embeddable":true,"href":"https:\/\/delikatessenmeran.com\/en\/wp-json\/wp\/v2\/product_tag?post=1724"}],"curies":[{"name":"wp","href":"https:\/\/api.w.org\/{rel}","templated":true}]}}