{"id":1040,"date":"2020-04-24T09:57:30","date_gmt":"2020-04-24T09:57:30","guid":{"rendered":"https:\/\/www.mhteam.bz.it\/delikatessen\/?post_type=product&#038;p=1040"},"modified":"2024-12-13T09:47:53","modified_gmt":"2024-12-13T09:47:53","slug":"balsamico-im-doppelpack","status":"publish","type":"product","link":"https:\/\/delikatessenmeran.com\/en\/produkt\/balsamico-im-doppelpack\/","title":{"rendered":"Balsamico im Doppelpack"},"content":{"rendered":"","protected":false},"excerpt":{"rendered":"<p>100%iger Fruchtgeschmack f\u00fcr Feinschmecker. Ohne Zusatzstoffe, ohne Zucker.<br \/>\nVerfeinert Salate, Desserts, K\u00e4se und Steak.<\/p>\n","protected":false},"featured_media":1041,"template":"","meta":[],"product_brand":[],"product_cat":[25],"product_tag":[],"class_list":{"0":"post-1040","1":"product","2":"type-product","3":"status-publish","4":"has-post-thumbnail","6":"product_cat-balsamico","8":"first","9":"instock","10":"sale","11":"taxable","12":"shipping-taxable","13":"purchasable","14":"product-type-simple"},"yoast_head":"<!-- This site is optimized with the Yoast SEO plugin v27.5 - https:\/\/yoast.com\/product\/yoast-seo-wordpress\/ -->\n<title>Balsamico im Doppelpack - Delikatessen Rubner | Dein Delikatessenladen in Meran &amp; S\u00fcdtirol<\/title>\n<meta name=\"robots\" content=\"index, follow, max-snippet:-1, max-image-preview:large, max-video-preview:-1\" \/>\n<link rel=\"canonical\" href=\"https:\/\/delikatessenmeran.com\/en\/produkt\/balsamico-im-doppelpack\/\" \/>\n<meta property=\"og:locale\" content=\"en_US\" \/>\n<meta property=\"og:type\" content=\"article\" \/>\n<meta property=\"og:title\" content=\"Balsamico im Doppelpack - Delikatessen Rubner | Dein Delikatessenladen in Meran &amp; S\u00fcdtirol\" \/>\n<meta property=\"og:description\" content=\"100%iger Fruchtgeschmack f\u00fcr Feinschmecker. Ohne Zusatzstoffe, ohne Zucker. Verfeinert Salate, Desserts, K\u00e4se und Steak.\" \/>\n<meta property=\"og:url\" content=\"https:\/\/delikatessenmeran.com\/en\/produkt\/balsamico-im-doppelpack\/\" \/>\n<meta property=\"og:site_name\" content=\"Delikatessen Rubner | Dein Delikatessenladen in Meran &amp; S\u00fcdtirol\" \/>\n<meta property=\"article:modified_time\" content=\"2024-12-13T09:47:53+00:00\" \/>\n<meta property=\"og:image\" content=\"https:\/\/delikatessenmeran.com\/wp-content\/uploads\/2020\/04\/balsamicos.png\" \/>\n\t<meta property=\"og:image:width\" content=\"500\" \/>\n\t<meta property=\"og:image:height\" content=\"500\" \/>\n\t<meta property=\"og:image:type\" content=\"image\/png\" \/>\n<meta name=\"twitter:card\" content=\"summary_large_image\" \/>\n<meta name=\"twitter:label1\" content=\"Est. reading time\" \/>\n\t<meta name=\"twitter:data1\" content=\"1 minute\" \/>\n<script type=\"application\/ld+json\" class=\"yoast-schema-graph\">{\"@context\":\"https:\\\/\\\/schema.org\",\"@graph\":[{\"@type\":\"WebPage\",\"@id\":\"https:\\\/\\\/delikatessenmeran.com\\\/en\\\/produkt\\\/balsamico-im-doppelpack\\\/\",\"url\":\"https:\\\/\\\/delikatessenmeran.com\\\/en\\\/produkt\\\/balsamico-im-doppelpack\\\/\",\"name\":\"Balsamico im Doppelpack - Delikatessen Rubner | Dein Delikatessenladen in Meran &amp; S\u00fcdtirol\",\"isPartOf\":{\"@id\":\"https:\\\/\\\/delikatessenmeran.com\\\/en\\\/#website\"},\"primaryImageOfPage\":{\"@id\":\"https:\\\/\\\/delikatessenmeran.com\\\/en\\\/produkt\\\/balsamico-im-doppelpack\\\/#primaryimage\"},\"image\":{\"@id\":\"https:\\\/\\\/delikatessenmeran.com\\\/en\\\/produkt\\\/balsamico-im-doppelpack\\\/#primaryimage\"},\"thumbnailUrl\":\"https:\\\/\\\/delikatessenmeran.com\\\/wp-content\\\/uploads\\\/2020\\\/04\\\/balsamicos.png\",\"datePublished\":\"2020-04-24T09:57:30+00:00\",\"dateModified\":\"2024-12-13T09:47:53+00:00\",\"breadcrumb\":{\"@id\":\"https:\\\/\\\/delikatessenmeran.com\\\/en\\\/produkt\\\/balsamico-im-doppelpack\\\/#breadcrumb\"},\"inLanguage\":\"en-US\",\"potentialAction\":[{\"@type\":\"ReadAction\",\"target\":[\"https:\\\/\\\/delikatessenmeran.com\\\/en\\\/produkt\\\/balsamico-im-doppelpack\\\/\"]}]},{\"@type\":\"ImageObject\",\"inLanguage\":\"en-US\",\"@id\":\"https:\\\/\\\/delikatessenmeran.com\\\/en\\\/produkt\\\/balsamico-im-doppelpack\\\/#primaryimage\",\"url\":\"https:\\\/\\\/delikatessenmeran.com\\\/wp-content\\\/uploads\\\/2020\\\/04\\\/balsamicos.png\",\"contentUrl\":\"https:\\\/\\\/delikatessenmeran.com\\\/wp-content\\\/uploads\\\/2020\\\/04\\\/balsamicos.png\",\"width\":500,\"height\":500},{\"@type\":\"BreadcrumbList\",\"@id\":\"https:\\\/\\\/delikatessenmeran.com\\\/en\\\/produkt\\\/balsamico-im-doppelpack\\\/#breadcrumb\",\"itemListElement\":[{\"@type\":\"ListItem\",\"position\":1,\"name\":\"Home\",\"item\":\"https:\\\/\\\/delikatessenmeran.com\\\/en\\\/\"},{\"@type\":\"ListItem\",\"position\":2,\"name\":\"Shop\",\"item\":\"https:\\\/\\\/delikatessenmeran.com\\\/en\\\/shop\\\/\"},{\"@type\":\"ListItem\",\"position\":3,\"name\":\"Balsamico im Doppelpack\"}]},{\"@type\":\"WebSite\",\"@id\":\"https:\\\/\\\/delikatessenmeran.com\\\/en\\\/#website\",\"url\":\"https:\\\/\\\/delikatessenmeran.com\\\/en\\\/\",\"name\":\"Delikatessen Rubner | Dein Delikatessenladen in Meran &amp; S\u00fcdtirol\",\"description\":\"Delikatessen Rubner. Dein Delikatessenladen in Meran &amp; S\u00fcdtirol\",\"potentialAction\":[{\"@type\":\"SearchAction\",\"target\":{\"@type\":\"EntryPoint\",\"urlTemplate\":\"https:\\\/\\\/delikatessenmeran.com\\\/en\\\/?s={search_term_string}\"},\"query-input\":{\"@type\":\"PropertyValueSpecification\",\"valueRequired\":true,\"valueName\":\"search_term_string\"}}],\"inLanguage\":\"en-US\"}]}<\/script>\n<!-- \/ Yoast SEO plugin. -->","yoast_head_json":{"title":"Balsamico im Doppelpack - Delikatessen Rubner | Dein Delikatessenladen in Meran &amp; S\u00fcdtirol","robots":{"index":"index","follow":"follow","max-snippet":"max-snippet:-1","max-image-preview":"max-image-preview:large","max-video-preview":"max-video-preview:-1"},"canonical":"https:\/\/delikatessenmeran.com\/en\/produkt\/balsamico-im-doppelpack\/","og_locale":"en_US","og_type":"article","og_title":"Balsamico im Doppelpack - Delikatessen Rubner | Dein Delikatessenladen in Meran &amp; S\u00fcdtirol","og_description":"100%iger Fruchtgeschmack f\u00fcr Feinschmecker. Ohne Zusatzstoffe, ohne Zucker. Verfeinert Salate, Desserts, K\u00e4se und Steak.","og_url":"https:\/\/delikatessenmeran.com\/en\/produkt\/balsamico-im-doppelpack\/","og_site_name":"Delikatessen Rubner | Dein Delikatessenladen in Meran &amp; S\u00fcdtirol","article_modified_time":"2024-12-13T09:47:53+00:00","og_image":[{"width":500,"height":500,"url":"https:\/\/delikatessenmeran.com\/wp-content\/uploads\/2020\/04\/balsamicos.png","type":"image\/png"}],"twitter_card":"summary_large_image","twitter_misc":{"Est. reading time":"1 minute"},"schema":{"@context":"https:\/\/schema.org","@graph":[{"@type":"WebPage","@id":"https:\/\/delikatessenmeran.com\/en\/produkt\/balsamico-im-doppelpack\/","url":"https:\/\/delikatessenmeran.com\/en\/produkt\/balsamico-im-doppelpack\/","name":"Balsamico im Doppelpack - Delikatessen Rubner | Dein Delikatessenladen in Meran &amp; S\u00fcdtirol","isPartOf":{"@id":"https:\/\/delikatessenmeran.com\/en\/#website"},"primaryImageOfPage":{"@id":"https:\/\/delikatessenmeran.com\/en\/produkt\/balsamico-im-doppelpack\/#primaryimage"},"image":{"@id":"https:\/\/delikatessenmeran.com\/en\/produkt\/balsamico-im-doppelpack\/#primaryimage"},"thumbnailUrl":"https:\/\/delikatessenmeran.com\/wp-content\/uploads\/2020\/04\/balsamicos.png","datePublished":"2020-04-24T09:57:30+00:00","dateModified":"2024-12-13T09:47:53+00:00","breadcrumb":{"@id":"https:\/\/delikatessenmeran.com\/en\/produkt\/balsamico-im-doppelpack\/#breadcrumb"},"inLanguage":"en-US","potentialAction":[{"@type":"ReadAction","target":["https:\/\/delikatessenmeran.com\/en\/produkt\/balsamico-im-doppelpack\/"]}]},{"@type":"ImageObject","inLanguage":"en-US","@id":"https:\/\/delikatessenmeran.com\/en\/produkt\/balsamico-im-doppelpack\/#primaryimage","url":"https:\/\/delikatessenmeran.com\/wp-content\/uploads\/2020\/04\/balsamicos.png","contentUrl":"https:\/\/delikatessenmeran.com\/wp-content\/uploads\/2020\/04\/balsamicos.png","width":500,"height":500},{"@type":"BreadcrumbList","@id":"https:\/\/delikatessenmeran.com\/en\/produkt\/balsamico-im-doppelpack\/#breadcrumb","itemListElement":[{"@type":"ListItem","position":1,"name":"Home","item":"https:\/\/delikatessenmeran.com\/en\/"},{"@type":"ListItem","position":2,"name":"Shop","item":"https:\/\/delikatessenmeran.com\/en\/shop\/"},{"@type":"ListItem","position":3,"name":"Balsamico im Doppelpack"}]},{"@type":"WebSite","@id":"https:\/\/delikatessenmeran.com\/en\/#website","url":"https:\/\/delikatessenmeran.com\/en\/","name":"Delikatessen Rubner | Dein Delikatessenladen in Meran &amp; S\u00fcdtirol","description":"Delikatessen Rubner. Dein Delikatessenladen in Meran &amp; S\u00fcdtirol","potentialAction":[{"@type":"SearchAction","target":{"@type":"EntryPoint","urlTemplate":"https:\/\/delikatessenmeran.com\/en\/?s={search_term_string}"},"query-input":{"@type":"PropertyValueSpecification","valueRequired":true,"valueName":"search_term_string"}}],"inLanguage":"en-US"}]}},"_links":{"self":[{"href":"https:\/\/delikatessenmeran.com\/en\/wp-json\/wp\/v2\/product\/1040","targetHints":{"allow":["GET"]}}],"collection":[{"href":"https:\/\/delikatessenmeran.com\/en\/wp-json\/wp\/v2\/product"}],"about":[{"href":"https:\/\/delikatessenmeran.com\/en\/wp-json\/wp\/v2\/types\/product"}],"wp:featuredmedia":[{"embeddable":true,"href":"https:\/\/delikatessenmeran.com\/en\/wp-json\/wp\/v2\/media\/1041"}],"wp:attachment":[{"href":"https:\/\/delikatessenmeran.com\/en\/wp-json\/wp\/v2\/media?parent=1040"}],"wp:term":[{"taxonomy":"product_brand","embeddable":true,"href":"https:\/\/delikatessenmeran.com\/en\/wp-json\/wp\/v2\/product_brand?post=1040"},{"taxonomy":"product_cat","embeddable":true,"href":"https:\/\/delikatessenmeran.com\/en\/wp-json\/wp\/v2\/product_cat?post=1040"},{"taxonomy":"product_tag","embeddable":true,"href":"https:\/\/delikatessenmeran.com\/en\/wp-json\/wp\/v2\/product_tag?post=1040"}],"curies":[{"name":"wp","href":"https:\/\/api.w.org\/{rel}","templated":true}]}}